{"id":16172,"date":"2021-07-27T15:19:55","date_gmt":"2021-07-27T13:19:55","guid":{"rendered":"https:\/\/galleriaduepuntozero.com\/prodotto\/resurrezione-di-cristo\/"},"modified":"2021-07-27T15:19:55","modified_gmt":"2021-07-27T13:19:55","slug":"resurrezione-di-cristo","status":"publish","type":"product","link":"https:\/\/galleria20service.com\/en\/prodotto\/resurrezione-di-cristo\/","title":{"rendered":"Resurrezione di Cristo"},"content":{"rendered":"","protected":false},"excerpt":{"rendered":"<p>Il tema religioso non poteva mancare nella produzione di un artista come Fiume, formatosi alla grande tradizione pittorica italiana. Nel \u201875 Mons. Pasquale Macchi, segretario particolare di Paolo VI, chiese a Fiume di dipingere una crocefissione per la collezione di Arte Sacra che egli stava raccogliendo fra i pi\u00f9 importanti artisti contemporanei, in onore del Papa. Oggi il dipinto \u00e8 nei Palazzi Vaticani, nello Studio Latino di Papa Sisto IV. Una sua deposizione \u00e8 custodita al Museo Ermitage di San Pietroburgo dal \u201891, l\u2019anno in cui Fiume tenne una grande mostra a Mosca. Un suo grande mosaico si trova nella Basilica dell\u2019Annunciazione a Nazareth.<\/p>\n","protected":false},"featured_media":6308,"template":"","meta":{"_acf_changed":false,"rank_math_lock_modified_date":false},"product_cat":[434],"product_tag":[],"class_list":{"0":"post-16172","1":"product","2":"type-product","3":"status-publish","4":"has-post-thumbnail","6":"product_cat-salvatore-fiume-en","8":"first","9":"instock","10":"shipping-taxable","11":"product-type-simple"},"acf":[],"_links":{"self":[{"href":"https:\/\/galleria20service.com\/en\/wp-json\/wp\/v2\/product\/16172"}],"collection":[{"href":"https:\/\/galleria20service.com\/en\/wp-json\/wp\/v2\/product"}],"about":[{"href":"https:\/\/galleria20service.com\/en\/wp-json\/wp\/v2\/types\/product"}],"wp:featuredmedia":[{"embeddable":true,"href":"https:\/\/galleria20service.com\/en\/wp-json\/wp\/v2\/media\/6308"}],"wp:attachment":[{"href":"https:\/\/galleria20service.com\/en\/wp-json\/wp\/v2\/media?parent=16172"}],"wp:term":[{"taxonomy":"product_cat","embeddable":true,"href":"https:\/\/galleria20service.com\/en\/wp-json\/wp\/v2\/product_cat?post=16172"},{"taxonomy":"product_tag","embeddable":true,"href":"https:\/\/galleria20service.com\/en\/wp-json\/wp\/v2\/product_tag?post=16172"}],"curies":[{"name":"wp","href":"https:\/\/api.w.org\/{rel}","templated":true}]}}