{"id":15853,"date":"2023-01-23T11:05:33","date_gmt":"2023-01-23T10:05:33","guid":{"rendered":"https:\/\/galleriaduepuntozero.com\/prodotto\/a-man-sitting-in-the-waiting-room\/"},"modified":"2023-01-23T11:05:33","modified_gmt":"2023-01-23T10:05:33","slug":"a-man-sitting-in-the-waiting-room","status":"publish","type":"product","link":"https:\/\/galleria20service.com\/en\/prodotto\/a-man-sitting-in-the-waiting-room\/","title":{"rendered":"A MAN SITTING IN THE WAITING ROOM"},"content":{"rendered":"<h3><strong>SPECIFICHE \/ <\/strong><span style=\"color: #808080;\"><strong>DETAILS<\/strong><\/span><\/h3>\n<p style=\"text-align: left;\"><strong>Arte digitale stampata come foto Fine Art su tela. <\/strong><\/p>\n<p style=\"text-align: left;\"><strong><em>Digital Art printed as Fine Art photographs on canvas.<\/em><\/strong><\/p>\n<p style=\"text-align: left;\"><strong>34 x 45 cm | 2022<\/strong><\/p>\n<p>&nbsp;<\/p>\n<h3><strong>_STATEMENT<\/strong><\/h3>\n<div class=\"page\" title=\"Page 8\">\n<div class=\"section\">\n<div class=\"layoutArea\">\n<div class=\"column\">\n<p>Prima o poi siamo diventati consapevoli dei nostri ruoli nella vita, sia che ci\u00f2 significhi scoprire che siamo solo un prodotto consequenziale del mondo in cui vivevamo o solo un riflesso nello specchio, un s\u00e9 idealistico che pensavamo di essere.<\/p>\n<p>Momenti fragili di un uomo lasciato a morire senza alcuna possibilit\u00e0 di assoluzione.<\/p>\n<p>\u00c8 un approccio astratto che cerca di trasmettere la crudelt\u00e0 del mondo moderno nei confronti di un uomo e un giudizio soggettivo secondo cui la societ\u00e0 abbandona tutti coloro che non si conformano alle norme.<\/p>\n<p>&nbsp;<\/p>\n<\/div>\n<\/div>\n<\/div>\n<\/div>\n<h3><span style=\"color: #808080;\"><strong>_STATEMENT<\/strong><\/span><\/h3>\n<div class=\"page\" title=\"Page 8\">\n<div class=\"section\">\n<div class=\"layoutArea\">\n<div class=\"column\">\n<p><em>Sooner or later we became aware of our own roles in life, wheather it means we find out that we\u2019re only a consequential product of the world we lived in or just a reflection in the mirror, an idealistic selves we thought we are. <\/em><\/p>\n<p><em>Fragile moments of a man left to die with no given opportunity for an absolution. <\/em><\/p>\n<p><em>Its an abstract approach trying to convey the cruelty of the modern world related to a man, and a subjective judgement that society abondon everyone who doesn\u2019t conform the norms.\u00a0<\/em><\/p>\n<\/div>\n<\/div>\n<div class=\"layoutArea\">\n<div class=\"column\">\n<p>&nbsp;<\/p>\n<\/div>\n<\/div>\n<\/div>\n<\/div>\n<p><!--more--><\/p>\n<h3><strong>_BIOGRAFIA<\/strong><\/h3>\n<div class=\"page\" title=\"Page 8\">\n<div class=\"section\">\n<div class=\"layoutArea\">\n<div class=\"column\">\n<p><a href=\"https:\/\/ivanbjorn.com\/\" rel=\"nofollow noopener\" target=\"_blank\"><strong><span style=\"color: #ff0000;\">lvan Terzic in arte Ivan Bj\u00f8rn<\/span><\/strong><\/a> e\u0300 un artista digitale contemporaneo di 42 anni, attualmente residente in Serbia. Ha lavorato come grafico e illustratore negli ultimi 20 anni e ha realizzato oltre 500 pubblicazioni per copertine di libri e riviste in tutto il mondo. La sua principale attenzione e\u0300 sempre stata rivolta alla pittura, all\u2019arte astratta e agli aspetti sociali e culturali del comportamento umano nel corso della storia. Il suo lavoro digitale e\u0300 piuttosto un\u2019osservazione, una percezione del mondo moderno in tutta la sua crudelta\u0300 e brutalita\u0300.<\/p>\n<p>La paura delle conseguenze dell\u2019imprevisto potrebbe essere un motivo principale dal punto di vista introspettivo in alcuni dei suoi lavori.<\/p>\n<p>Da qui la sua decisione di ritirarsi e tuffarsi nell\u2019astratto.<\/p>\n<p>&nbsp;<\/p>\n<\/div>\n<\/div>\n<\/div>\n<\/div>\n<h3><span style=\"color: #808080;\"><strong>_BIOGRAPHY<\/strong><\/span><\/h3>\n<div class=\"page\" title=\"Page 8\">\n<div class=\"section\">\n<div class=\"layoutArea\">\n<div class=\"column\">\n<p><a href=\"https:\/\/ivanbjorn.com\/\" rel=\"nofollow noopener\" target=\"_blank\"><strong><span style=\"color: #ff0000;\">lvan Terzic in arte Ivan Bj\u00f8rn<\/span><\/strong><\/a> is a 42 years old contemporary digital artist, currently based in Serbia. He has been working as a graphic designer and illustrator in the last 20 years and has done over 500 publications for book and magazine covers world wide. Yet, his main focus of attention has always been aimed towards painting, abstract art and social and cultural aspects of human behaviour throughout history.<\/p>\n<p>His digital work is rather an observation, a perception of the modern world in all of its cruelty and brutality.<br \/>\nFear of consequences of unforeseen could be a main motiff for introspective viewpoint in some of his work.<\/p>\n<p>Hence his decision to withdraw and dive into the abstract.<\/p>\n<\/div>\n<\/div>\n<\/div>\n<\/div>\n","protected":false},"excerpt":{"rendered":"<p>SPECIFICHE \/ DETAILS Arte digitale stampata come foto Fine Art su tela. Digital Art printed as Fine Art photographs on canvas. 34 x 45 cm | 2022 &nbsp; _STATEMENT Prima o poi siamo diventati consapevoli dei nostri ruoli nella vita, sia che ci\u00f2 significhi scoprire che siamo solo un prodotto consequenziale del mondo in cui [&hellip;]<\/p>\n","protected":false},"featured_media":7031,"template":"","meta":{"_acf_changed":false,"rank_math_lock_modified_date":false},"product_cat":[292],"product_tag":[381,320,276],"class_list":{"0":"post-15853","1":"product","2":"type-product","3":"status-publish","4":"has-post-thumbnail","6":"product_cat-ivan-bjorn-en","7":"product_tag-improntedarte2022-en","8":"product_tag-opere-artisti-en","9":"product_tag-opere-eventi-en","11":"first","12":"instock","13":"shipping-taxable","14":"product-type-simple"},"acf":[],"_links":{"self":[{"href":"https:\/\/galleria20service.com\/en\/wp-json\/wp\/v2\/product\/15853"}],"collection":[{"href":"https:\/\/galleria20service.com\/en\/wp-json\/wp\/v2\/product"}],"about":[{"href":"https:\/\/galleria20service.com\/en\/wp-json\/wp\/v2\/types\/product"}],"wp:featuredmedia":[{"embeddable":true,"href":"https:\/\/galleria20service.com\/en\/wp-json\/wp\/v2\/media\/7031"}],"wp:attachment":[{"href":"https:\/\/galleria20service.com\/en\/wp-json\/wp\/v2\/media?parent=15853"}],"wp:term":[{"taxonomy":"product_cat","embeddable":true,"href":"https:\/\/galleria20service.com\/en\/wp-json\/wp\/v2\/product_cat?post=15853"},{"taxonomy":"product_tag","embeddable":true,"href":"https:\/\/galleria20service.com\/en\/wp-json\/wp\/v2\/product_tag?post=15853"}],"curies":[{"name":"wp","href":"https:\/\/api.w.org\/{rel}","templated":true}]}}