{"id":15852,"date":"2023-01-23T11:11:40","date_gmt":"2023-01-23T10:11:40","guid":{"rendered":"https:\/\/galleriaduepuntozero.com\/prodotto\/la-nausee\/"},"modified":"2023-01-23T11:11:40","modified_gmt":"2023-01-23T10:11:40","slug":"la-nausee","status":"publish","type":"product","link":"https:\/\/galleria20service.com\/en\/prodotto\/la-nausee\/","title":{"rendered":"LA NAUS\u00c9E"},"content":{"rendered":"<h3><strong>SPECIFICHE \/ <\/strong><span style=\"color: #808080;\"><strong>DETAILS<\/strong><\/span><\/h3>\n<p style=\"text-align: left;\"><strong>Arte digitale stampata come foto Fine Art su tela. <\/strong><\/p>\n<p style=\"text-align: left;\"><strong><em>Digital Art printed as Fine Art photographs on canvas.<\/em><\/strong><\/p>\n<p style=\"text-align: left;\"><strong>34 x 45 cm | 2022<\/strong><\/p>\n<p>&nbsp;<\/p>\n<h3><strong>_STATEMENT<\/strong><\/h3>\n<div class=\"page\" title=\"Page 8\">\n<div class=\"section\">\n<div class=\"layoutArea\">\n<div class=\"column\">\n<p>Un ritratto sociopsicologico di un uomo, perso nel suo ambiente e nelle sue continue aspettative fallite, seguite dalla malattia e dal sentimento di disgusto.<\/p>\n<p>\u00c8 un\u2019assurdit\u00e0 in cui \u00e8 pi\u00f9 probabile che le proprie virt\u00f9 intellettuali vengano riconosciute come disturbi mentali. L\u2019immagine dovrebbe rappresentare qualsiasi individuo consapevole di s\u00e9 che cerca di adattarsi al modello di societ\u00e0 ereditato. Una grave depressione di un uomo come verit\u00e0 consequenziale, riconoscendo finalmente il paradigma del mondo in tutte le sue forme grottesche. In parte ispirato al romanzo La Naus\u00e9e di Jean-Paul Sartre, questo lavoro \u00e8 un tentativo di toccare le anime di milioni di persone perdute e intrappolate nei propri stampi subculturali, in cui il confronto con se stessi \u00e8 svantaggioso e non aiuta.<\/p>\n<p>&nbsp;<\/p>\n<\/div>\n<\/div>\n<\/div>\n<\/div>\n<h3><span style=\"color: #808080;\"><strong>_STATEMENT<\/strong><\/span><\/h3>\n<div class=\"page\" title=\"Page 8\">\n<div class=\"section\">\n<div class=\"layoutArea\">\n<div class=\"column\">\n<p><em>A socio psichological portrayal of a man, lost within his surroundings and his continuous failed expectations followed by the sickness and feeling of disgust. <\/em><\/p>\n<p><em>Its an absurdity where one\u2019s intelectual virtues are most likely to be recognized as mental disorders. The image should represent any self awared individual trying to fit the inherited society model. A severe depression of a man as a consequential truth, finally recognizing the paradigm for the world in all of its grotesque shapes. Partly inspiried by Jean-Paul Sartre\u2019s La Naus\u00e9e novel, this work is an attempt to touch the souls of millions of lost and trapped in their own subcultural moulds where self confrontation is disadvantageous and doesn\u2019t help.<\/em><\/p>\n<\/div>\n<\/div>\n<div class=\"layoutArea\">\n<div class=\"column\">\n<p>&nbsp;<\/p>\n<\/div>\n<\/div>\n<\/div>\n<\/div>\n<p><!--more--><\/p>\n<h3><strong>_BIOGRAFIA<\/strong><\/h3>\n<div class=\"page\" title=\"Page 8\">\n<div class=\"section\">\n<div class=\"layoutArea\">\n<div class=\"column\">\n<p><a href=\"https:\/\/ivanbjorn.com\/\" rel=\"nofollow noopener\" target=\"_blank\"><strong><span style=\"color: #ff0000;\">lvan Terzic in arte Ivan Bj\u00f8rn<\/span><\/strong><\/a> e\u0300 un artista digitale contemporaneo di 42 anni, attualmente residente in Serbia. Ha lavorato come grafico e illustratore negli ultimi 20 anni e ha realizzato oltre 500 pubblicazioni per copertine di libri e riviste in tutto il mondo. La sua principale attenzione e\u0300 sempre stata rivolta alla pittura, all\u2019arte astratta e agli aspetti sociali e culturali del comportamento umano nel corso della storia. Il suo lavoro digitale e\u0300 piuttosto un\u2019osservazione, una percezione del mondo moderno in tutta la sua crudelta\u0300 e brutalita\u0300.<\/p>\n<p>La paura delle conseguenze dell\u2019imprevisto potrebbe essere un motivo principale dal punto di vista introspettivo in alcuni dei suoi lavori.<\/p>\n<p>Da qui la sua decisione di ritirarsi e tuffarsi nell\u2019astratto.<\/p>\n<p>&nbsp;<\/p>\n<\/div>\n<\/div>\n<\/div>\n<\/div>\n<h3><span style=\"color: #808080;\"><strong>_BIOGRAPHY<\/strong><\/span><\/h3>\n<div class=\"page\" title=\"Page 8\">\n<div class=\"section\">\n<div class=\"layoutArea\">\n<div class=\"column\">\n<p><a href=\"https:\/\/ivanbjorn.com\/\" rel=\"nofollow noopener\" target=\"_blank\"><strong><span style=\"color: #ff0000;\">lvan Terzic in arte Ivan Bj\u00f8rn<\/span><\/strong><\/a> is a 42 years old contemporary digital artist, currently based in Serbia. He has been working as a graphic designer and illustrator in the last 20 years and has done over 500 publications for book and magazine covers world wide. Yet, his main focus of attention has always been aimed towards painting, abstract art and social and cultural aspects of human behaviour throughout history.<\/p>\n<p>His digital work is rather an observation, a perception of the modern world in all of its cruelty and brutality.<br \/>\nFear of consequences of unforeseen could be a main motiff for introspective viewpoint in some of his work.<\/p>\n<p>Hence his decision to withdraw and dive into the abstract.<\/p>\n<\/div>\n<\/div>\n<\/div>\n<\/div>\n","protected":false},"excerpt":{"rendered":"<p>SPECIFICHE \/ DETAILS Arte digitale stampata come foto Fine Art su tela. Digital Art printed as Fine Art photographs on canvas. 34 x 45 cm | 2022 &nbsp; _STATEMENT Un ritratto sociopsicologico di un uomo, perso nel suo ambiente e nelle sue continue aspettative fallite, seguite dalla malattia e dal sentimento di disgusto. \u00c8 un\u2019assurdit\u00e0 [&hellip;]<\/p>\n","protected":false},"featured_media":7033,"template":"","meta":{"_acf_changed":false,"rank_math_lock_modified_date":false},"product_cat":[292],"product_tag":[381,320,276],"class_list":{"0":"post-15852","1":"product","2":"type-product","3":"status-publish","4":"has-post-thumbnail","6":"product_cat-ivan-bjorn-en","7":"product_tag-improntedarte2022-en","8":"product_tag-opere-artisti-en","9":"product_tag-opere-eventi-en","11":"first","12":"outofstock","13":"shipping-taxable","14":"product-type-simple"},"acf":[],"_links":{"self":[{"href":"https:\/\/galleria20service.com\/en\/wp-json\/wp\/v2\/product\/15852"}],"collection":[{"href":"https:\/\/galleria20service.com\/en\/wp-json\/wp\/v2\/product"}],"about":[{"href":"https:\/\/galleria20service.com\/en\/wp-json\/wp\/v2\/types\/product"}],"wp:featuredmedia":[{"embeddable":true,"href":"https:\/\/galleria20service.com\/en\/wp-json\/wp\/v2\/media\/7033"}],"wp:attachment":[{"href":"https:\/\/galleria20service.com\/en\/wp-json\/wp\/v2\/media?parent=15852"}],"wp:term":[{"taxonomy":"product_cat","embeddable":true,"href":"https:\/\/galleria20service.com\/en\/wp-json\/wp\/v2\/product_cat?post=15852"},{"taxonomy":"product_tag","embeddable":true,"href":"https:\/\/galleria20service.com\/en\/wp-json\/wp\/v2\/product_tag?post=15852"}],"curies":[{"name":"wp","href":"https:\/\/api.w.org\/{rel}","templated":true}]}}