{"id":15824,"date":"2023-01-24T11:01:25","date_gmt":"2023-01-24T10:01:25","guid":{"rendered":"https:\/\/galleriaduepuntozero.com\/prodotto\/vincent-road-in-seven-drops-verde\/"},"modified":"2023-01-24T11:01:25","modified_gmt":"2023-01-24T10:01:25","slug":"vincent-road-in-seven-drops-verde","status":"publish","type":"product","link":"https:\/\/galleria20service.com\/en\/prodotto\/vincent-road-in-seven-drops-verde\/","title":{"rendered":"VINCENT ROAD IN SEVEN DROPS &#8211; VERDE"},"content":{"rendered":"<h3><strong>SPECIFICHE \/ <\/strong><span style=\"color: #808080;\"><strong>DETAILS<\/strong><\/span><\/h3>\n<p>Stampa fine art su carta cotone Turner<\/p>\n<p><em>Fine art print on Turner cotton paper<\/em><\/p>\n<p>60 x 80 cm | 2022<\/p>\n<p>&nbsp;<\/p>\n<h3><strong>_STATEMENT<\/strong><\/h3>\n<p>Il lavoro presentato si propone di far emergere il punto pi\u00f9 basso oltre la linea del nostro corpo in stasi (o in movimento) ossia la strada, che assume forme e colori mescolando i suoi elementi essenziali: foglie, sassi e impronte. L\u2019entusiasmo del gruppo bergamasco, noto per le sue installazioni, si riflette anche e soprattutto in questo lavoro fotografico che trova nelle luci \u201cun\u2019ultima impronta\u201d, ricordando, nel buio lucciole e fate.<\/p>\n<div class=\"page\" title=\"Page 8\">\n<div class=\"section\">\n<div class=\"layoutArea\">\n<div class=\"column\">\n<p>&nbsp;<\/p>\n<\/div>\n<\/div>\n<\/div>\n<\/div>\n<h3><span style=\"color: #808080;\"><strong>_STATEMENT<\/strong><\/span><\/h3>\n<p>The work presented aims to bring out the lowest point beyond the line of our body in stasis (or in motion), that is the road, which takes on shapes and colors by mixing its essential elements: leaves, stones and footprints. The enthusiasm of the group from Bergamo, known for its installations, is well mirrored in this photographic work. It finds light as a \u201clast footprint\u201d, recalling fireflies and faires in the dark.<\/p>\n<p>&nbsp;<\/p>\n<p><!--more--><\/p>\n<h3><strong>_BIOGRAFIA<\/strong><\/h3>\n<div class=\"page\" title=\"Page 8\">\n<div class=\"section\">\n<div class=\"layoutArea\">\n<div class=\"column\">\n<p><strong><a href=\"http:\/\/www.ferrariofreres.it\/\" rel=\"nofollow noopener\" target=\"_blank\"><span style=\"color: #ff0000;\">FerrarioFreres<\/span><\/a>\u00a0<\/strong>\u00e8 un collettivo.<\/p>\n<p>Il gruppo, i cui componenti vivono e lavorano tra Milano e Bergamo, si forma alla met\u00e0 degli anni Novanta. Le sue caratteristiche sono la fluidit\u00e0 e la coralit\u00e0: il gruppo \u00e8 infatti aperto nella sua composizione e si avvale di collaborazioni, anche di breve periodo, che attingono alle diverse discipline dell\u2019arte o ad ambiti affini e paralleli, come la musica, la poesia, l\u2019antropologia, l\u2019informatica.<\/p>\n<p>&nbsp;<\/p>\n<\/div>\n<\/div>\n<\/div>\n<\/div>\n<h3><span style=\"color: #808080;\"><strong>_BIOGRAPHY<\/strong><\/span><\/h3>\n<div class=\"page\" title=\"Page 8\">\n<div class=\"section\">\n<div class=\"layoutArea\">\n<div class=\"column\">\n<p><span style=\"color: #ff0000;\"><strong><a style=\"color: #ff0000;\" href=\"http:\/\/www.ferrariofreres.it\/\" rel=\"nofollow noopener\" target=\"_blank\">FerrarioFreres<\/a>\u00a0<\/strong><\/span>is a group of artists whose members live and work between Milan and Bergamo. It was formed in the mid-nineties.<\/p>\n<p>Its characteristics are fluidity and chorality: the group is in fact open in its composition and collaborates, even for a short period, which draw on the various disciplines of art or on similar and parallel fields, such as music, poetry, anthropology and information technology.<\/p>\n<\/div>\n<\/div>\n<\/div>\n<\/div>\n","protected":false},"excerpt":{"rendered":"<p>SPECIFICHE \/ DETAILS Stampa fine art su carta cotone Turner Fine art print on Turner cotton paper 60 x 80 cm | 2022 &nbsp; _STATEMENT Il lavoro presentato si propone di far emergere il punto pi\u00f9 basso oltre la linea del nostro corpo in stasi (o in movimento) ossia la strada, che assume forme e [&hellip;]<\/p>\n","protected":false},"featured_media":6767,"template":"","meta":{"_acf_changed":false,"rank_math_lock_modified_date":false},"product_cat":[287],"product_tag":[381,320,276],"class_list":{"0":"post-15824","1":"product","2":"type-product","3":"status-publish","4":"has-post-thumbnail","6":"product_cat-ferrariofreres-en","7":"product_tag-improntedarte2022-en","8":"product_tag-opere-artisti-en","9":"product_tag-opere-eventi-en","11":"first","12":"outofstock","13":"shipping-taxable","14":"product-type-simple"},"acf":[],"_links":{"self":[{"href":"https:\/\/galleria20service.com\/en\/wp-json\/wp\/v2\/product\/15824"}],"collection":[{"href":"https:\/\/galleria20service.com\/en\/wp-json\/wp\/v2\/product"}],"about":[{"href":"https:\/\/galleria20service.com\/en\/wp-json\/wp\/v2\/types\/product"}],"wp:featuredmedia":[{"embeddable":true,"href":"https:\/\/galleria20service.com\/en\/wp-json\/wp\/v2\/media\/6767"}],"wp:attachment":[{"href":"https:\/\/galleria20service.com\/en\/wp-json\/wp\/v2\/media?parent=15824"}],"wp:term":[{"taxonomy":"product_cat","embeddable":true,"href":"https:\/\/galleria20service.com\/en\/wp-json\/wp\/v2\/product_cat?post=15824"},{"taxonomy":"product_tag","embeddable":true,"href":"https:\/\/galleria20service.com\/en\/wp-json\/wp\/v2\/product_tag?post=15824"}],"curies":[{"name":"wp","href":"https:\/\/api.w.org\/{rel}","templated":true}]}}