{"id":15821,"date":"2023-01-24T11:07:39","date_gmt":"2023-01-24T10:07:39","guid":{"rendered":"https:\/\/galleriaduepuntozero.com\/prodotto\/dama-en-su-sillon\/"},"modified":"2023-01-24T11:07:39","modified_gmt":"2023-01-24T10:07:39","slug":"dama-en-su-sillon","status":"publish","type":"product","link":"https:\/\/galleria20service.com\/en\/prodotto\/dama-en-su-sillon\/","title":{"rendered":"DAMA EN SU SILL\u00d3N"},"content":{"rendered":"<h3><strong>SPECIFICHE \/ <\/strong><span style=\"color: #808080;\"><strong>DETAILS<\/strong><\/span><\/h3>\n<p>Tecnica mista: acrilico, pastello e vernice su tela<\/p>\n<p><em>Mixed media: acrylic painting, pastel and painting on canvas<\/em><\/p>\n<p>100 x 81 cm | 2014<\/p>\n<p>&nbsp;<\/p>\n<h3><strong>_STATEMENT<\/strong><\/h3>\n<p>\u201cThe artist thus defines his world, establishes his laws and limits, creates his language and writes his discourse. This world, which presents itself with the technical resources that each era offers, is the result of work and the effort to see beyond the obvious and immediate. The real driving force behind this is the artist\u2019s brain, which allows him to discern the fact or feeling to be depicted in the artwork. [\u2026] The universe that exists in the human brain reveals the social reality that surrounds us. Every human mind is a vital world and society a universe of ideas, the result of the aggregation of situations that generate relationships, creating channels of communication. Through art, their perception is improved. Each mind draws its profile and the reflection we perceive; hence the interest it has for me to see the message we receive and how we do it.<\/p>\n<div class=\"page\" title=\"Page 8\">\n<div class=\"section\">\n<div class=\"layoutArea\">\n<div class=\"column\">\n<p>&nbsp;<\/p>\n<\/div>\n<\/div>\n<\/div>\n<\/div>\n<h3><span style=\"color: #808080;\"><strong>_STATEMENT<\/strong><\/span><\/h3>\n<p>The work presented aims to bring out the lowest point beyond the line of our body in stasis (or in motion), that is the road, which takes on shapes and colors by mixing its essential elements: leaves, stones and footprints. The enthusiasm of the group from Bergamo, known for its installations, is well mirrored in this photographic work. It finds light as a \u201clast footprint\u201d, recalling fireflies and faires in the dark.<\/p>\n<p>&nbsp;<\/p>\n<p><!--more--><\/p>\n<h3><strong>_BIOGRAFIA<\/strong><\/h3>\n<div class=\"page\" title=\"Page 8\">\n<div class=\"section\">\n<div class=\"layoutArea\">\n<div class=\"column\">\n<p>Artista e architetto spagnolo nato ad Alicante nel 1959, la formazione di \u00c1ngel Gamb\u00edn Pallar\u00e9s inizia presso lo studio di architettura di suo padre dove comincia a disegnare all\u2019et\u00e0 di 4 anni.<br \/>\nA 15 anni inizia a frequentare la scuola di disegno delle arti applicate di Alicante e a 18 comincia a studiare architettura.<br \/>\nNegli anni \u201880 parallelamente alla sua attivit\u00e0 di architetto continua a disegnare definendo le sue opere esteticamente verso l\u2019espressionismo, prima pi\u00f9 astratto poi pi\u00f9 figurativo, a partire dagli anni \u201890. La sua opera artistica pi\u00f9 importante \u00e8 la Pala d\u2019Altare della chiesa \u201cCristo Resuscitado\u201d al centro ecumenico di Orihuela-Alicante, progettata da lui stesso in qualit\u00e0 di architetto.<\/p>\n<p>&nbsp;<\/p>\n<\/div>\n<\/div>\n<\/div>\n<\/div>\n<h3><span style=\"color: #808080;\"><strong>_BIOGRAPHY<\/strong><\/span><\/h3>\n<div class=\"page\" title=\"Page 8\">\n<div class=\"section\">\n<div class=\"layoutArea\">\n<div class=\"column\">\n<p>Spanish artist and architect born in Alicante in 1959, \u00c1ngel Gamb\u00edn Pallar\u00e9s\u2019 training began in his father\u2019s architectural studio where he began drawing at the age of 4.<br \/>\nAt the age of 15 he started attending the design school of applied arts in Alicante and at 18 he started studying architecture.<br \/>\nIn the 80s, parallel to his activity as an architect, he continued to draw, defining his works aesthetically towards expressionism, first more abstract then more figurative, starting from the 90s. His most important artwork is the Altarpiece of the \u201cCristo Resuscitado\u201d church at the Orihuela-Alicante ecumenical center, designed by himself as an architect.<\/p>\n<\/div>\n<\/div>\n<\/div>\n<\/div>\n","protected":false},"excerpt":{"rendered":"<p>SPECIFICHE \/ DETAILS Tecnica mista: acrilico, pastello e vernice su tela Mixed media: acrylic painting, pastel and painting on canvas 100 x 81 cm | 2014 &nbsp; _STATEMENT \u201cThe artist thus defines his world, establishes his laws and limits, creates his language and writes his discourse. This world, which presents itself with the technical resources [&hellip;]<\/p>\n","protected":false},"featured_media":6738,"template":"","meta":{"_acf_changed":false,"rank_math_lock_modified_date":false},"product_cat":[401],"product_tag":[381,276],"class_list":{"0":"post-15821","1":"product","2":"type-product","3":"status-publish","4":"has-post-thumbnail","6":"product_cat-angel-gambin-pallares-en","7":"product_tag-improntedarte2022-en","8":"product_tag-opere-eventi-en","10":"first","11":"instock","12":"shipping-taxable","13":"product-type-simple"},"acf":[],"_links":{"self":[{"href":"https:\/\/galleria20service.com\/en\/wp-json\/wp\/v2\/product\/15821"}],"collection":[{"href":"https:\/\/galleria20service.com\/en\/wp-json\/wp\/v2\/product"}],"about":[{"href":"https:\/\/galleria20service.com\/en\/wp-json\/wp\/v2\/types\/product"}],"wp:featuredmedia":[{"embeddable":true,"href":"https:\/\/galleria20service.com\/en\/wp-json\/wp\/v2\/media\/6738"}],"wp:attachment":[{"href":"https:\/\/galleria20service.com\/en\/wp-json\/wp\/v2\/media?parent=15821"}],"wp:term":[{"taxonomy":"product_cat","embeddable":true,"href":"https:\/\/galleria20service.com\/en\/wp-json\/wp\/v2\/product_cat?post=15821"},{"taxonomy":"product_tag","embeddable":true,"href":"https:\/\/galleria20service.com\/en\/wp-json\/wp\/v2\/product_tag?post=15821"}],"curies":[{"name":"wp","href":"https:\/\/api.w.org\/{rel}","templated":true}]}}