{"id":15813,"date":"2023-01-24T16:49:12","date_gmt":"2023-01-24T15:49:12","guid":{"rendered":"https:\/\/galleriaduepuntozero.com\/prodotto\/percorsi-n-2\/"},"modified":"2023-01-24T16:49:12","modified_gmt":"2023-01-24T15:49:12","slug":"percorsi-n-2","status":"publish","type":"product","link":"https:\/\/galleria20service.com\/en\/prodotto\/percorsi-n-2\/","title":{"rendered":"PERCORSI N.2"},"content":{"rendered":"<h3><strong>SPECIFICHE \/ <\/strong><span style=\"color: #808080;\"><strong>DETAILS<\/strong><\/span><\/h3>\n<section class=\"elementor-section elementor-top-section elementor-element elementor-element-13ac6c3 elementor-section-boxed elementor-section-height-default elementor-section-height-default parallax_section_no qode_elementor_container_no\" data-id=\"13ac6c3\" data-element_type=\"section\">\n<div class=\"elementor-container elementor-column-gap-default\">\n<div class=\"elementor-column elementor-col-100 elementor-top-column elementor-element elementor-element-863006f\" data-id=\"863006f\" data-element_type=\"column\">\n<div class=\"elementor-widget-wrap elementor-element-populated\">\n<div class=\"elementor-element elementor-element-179a850 elementor-widget elementor-widget-text-editor\" data-id=\"179a850\" data-element_type=\"widget\" data-widget_type=\"text-editor.default\">\n<div class=\"elementor-widget-container\">\n<p>Tecnica mista su tela<\/p>\n<p><em>Mixed media on canvas<\/em><\/p>\n<p>100 x 100 cm | 2022<\/p>\n<\/div>\n<\/div>\n<\/div>\n<\/div>\n<\/div>\n<\/section>\n<section class=\"elementor-section elementor-top-section elementor-element elementor-element-e70a304 elementor-section-boxed elementor-section-height-default elementor-section-height-default parallax_section_no qode_elementor_container_no\" data-id=\"e70a304\" data-element_type=\"section\">\n<div class=\"elementor-container elementor-column-gap-default\">\n<div class=\"elementor-column elementor-col-100 elementor-top-column elementor-element elementor-element-ccb6ccd\" data-id=\"ccb6ccd\" data-element_type=\"column\">\n<div class=\"elementor-widget-wrap elementor-element-populated\">\n<div class=\"elementor-element elementor-element-5410bba elementor-widget elementor-widget-text-editor\" data-id=\"5410bba\" data-element_type=\"widget\" data-widget_type=\"text-editor.default\">\n<div class=\"elementor-widget-container\"><\/div>\n<\/div>\n<\/div>\n<\/div>\n<\/div>\n<\/section>\n<h3><strong>_STATEMENT<\/strong><\/h3>\n<p>&#8220;Non tutti percorsi pi\u00f9 semplici sono quelli migliori.<br \/>\nA volte ti trovi in bilico e rischi di cadere ma con caparbiet\u00e0 e tenacia ritrovi l\u2019equilibrio e riesci a proseguire per raggiungere la tua met\u00e0.&#8221;<\/p>\n<div class=\"page\" title=\"Page 8\">\n<div class=\"section\">\n<div class=\"layoutArea\">\n<div class=\"column\">\n<p>&nbsp;<\/p>\n<\/div>\n<\/div>\n<\/div>\n<\/div>\n<h3><span style=\"color: #808080;\"><strong>_STATEMENT<\/strong><\/span><\/h3>\n<p>&#8220;Not all easier routes are better ones.<br \/>\nSometimes you find yourself in the balance and you risk falling but with stubbornness and tenacity you find your balance and manage to continue to reach your half.&#8221;<\/p>\n<p>&nbsp;<\/p>\n<p>&nbsp;<\/p>\n<p><!--more--><\/p>\n<h3><strong>_BIOGRAFIA<\/strong><\/h3>\n<div class=\"page\" title=\"Page 8\">\n<div class=\"section\">\n<div class=\"layoutArea\">\n<div class=\"column\">\n<p>Nata a Firenze nel 1970, Claudia Lotti ha frequentato il liceo linguistico nel capoluogo toscano.<br \/>\nIn questo periodo si \u00e8 appassionata alla disciplina artistica, soprattutto all\u2019arte pittorica, affascinata dall\u2019impressionismo francese e dagli accostamenti di colori puri e giochi di luce, e ha cos\u00ec iniziato la sua attivit\u00e0 pittorica. Dopo una pausa di qualche anno, durante la quale si \u00e8 dedicata completamente al lavoro e alla famiglia, ha ripreso a dipingere come una vera e propria esigenza di esprimere creativit\u00e0 e sensibilit\u00e0.<\/p>\n<p>Ora lavora con acrilici su tela e tavola, con inchiostro ad alcool su carta per realizzare giochi cromatici per collage e con pennarelli per delimitare spazi e forme.<\/p>\n<p>&nbsp;<\/p>\n<\/div>\n<\/div>\n<\/div>\n<\/div>\n<h3><span style=\"color: #808080;\"><strong>_BIOGRAPHY<\/strong><\/span><\/h3>\n<div class=\"page\" title=\"Page 8\">\n<div class=\"section\">\n<div class=\"layoutArea\">\n<div class=\"column\">\n<p>Born in Florence in 1970, Claudia Lotti attended the linguistic high school in the Tuscan capital.<br \/>\nIn this period she became passionate about the artistic discipline especially the pictorial art, fascinated by French impressionism and by the combinations of pure colors and plays of light, and thus she began her pictorial activity. After a break of a few years, during which she devoted herself completely to work and family, she resumed painting as a real need to express creativity and sensitivity. Now she works with acrylics on canvas and panel, with alcohol ink on paper to create chromatic games for collages and with markers to delimit spaces and shapes.<\/p>\n<\/div>\n<\/div>\n<\/div>\n<\/div>\n","protected":false},"excerpt":{"rendered":"<p>SPECIFICHE \/ DETAILS Tecnica mista su tela Mixed media on canvas 100 x 100 cm | 2022 _STATEMENT &#8220;Non tutti percorsi pi\u00f9 semplici sono quelli migliori. A volte ti trovi in bilico e rischi di cadere ma con caparbiet\u00e0 e tenacia ritrovi l\u2019equilibrio e riesci a proseguire per raggiungere la tua met\u00e0.&#8221; &nbsp; _STATEMENT &#8220;Not [&hellip;]<\/p>\n","protected":false},"featured_media":6687,"template":"","meta":{"_acf_changed":false,"rank_math_lock_modified_date":false},"product_cat":[309],"product_tag":[381,276],"class_list":{"0":"post-15813","1":"product","2":"type-product","3":"status-publish","4":"has-post-thumbnail","6":"product_cat-claudia-lotti-en","7":"product_tag-improntedarte2022-en","8":"product_tag-opere-eventi-en","10":"first","11":"outofstock","12":"shipping-taxable","13":"product-type-simple"},"acf":[],"_links":{"self":[{"href":"https:\/\/galleria20service.com\/en\/wp-json\/wp\/v2\/product\/15813"}],"collection":[{"href":"https:\/\/galleria20service.com\/en\/wp-json\/wp\/v2\/product"}],"about":[{"href":"https:\/\/galleria20service.com\/en\/wp-json\/wp\/v2\/types\/product"}],"wp:featuredmedia":[{"embeddable":true,"href":"https:\/\/galleria20service.com\/en\/wp-json\/wp\/v2\/media\/6687"}],"wp:attachment":[{"href":"https:\/\/galleria20service.com\/en\/wp-json\/wp\/v2\/media?parent=15813"}],"wp:term":[{"taxonomy":"product_cat","embeddable":true,"href":"https:\/\/galleria20service.com\/en\/wp-json\/wp\/v2\/product_cat?post=15813"},{"taxonomy":"product_tag","embeddable":true,"href":"https:\/\/galleria20service.com\/en\/wp-json\/wp\/v2\/product_tag?post=15813"}],"curies":[{"name":"wp","href":"https:\/\/api.w.org\/{rel}","templated":true}]}}