{"id":15794,"date":"2023-01-25T14:56:53","date_gmt":"2023-01-25T13:56:53","guid":{"rendered":"https:\/\/galleriaduepuntozero.com\/prodotto\/storia-della-shoah-la-crisi-delleuropa-lo-sterminio-degli-ebrei-e-la-memoria-del-xx-secolo\/"},"modified":"2023-01-25T14:56:53","modified_gmt":"2023-01-25T13:56:53","slug":"storia-della-shoah-la-crisi-delleuropa-lo-sterminio-degli-ebrei-e-la-memoria-del-xx-secolo","status":"publish","type":"product","link":"https:\/\/galleria20service.com\/en\/prodotto\/storia-della-shoah-la-crisi-delleuropa-lo-sterminio-degli-ebrei-e-la-memoria-del-xx-secolo\/","title":{"rendered":"Storia della Shoah. La crisi dell&#8217;Europa, lo sterminio degli ebrei e la memoria del XX secolo"},"content":{"rendered":"<p>Volume a cura di Marina Cattaruzza, Marcello Flores, Simon Levis Sullam, Enzo Traverso.<\/p>\n<p>&nbsp;<\/p>\n<p>La &#8220;Storia della Shoah&#8221;, nata sotto la direzione di un collettivo di studiosi italiani coadiuvati da un comitato scientifico comprendente alcuni tra i maggiori specialisti internazionalmente riconosciuti, analizza il genocidio degli ebrei non soltanto come un evento geograficamente e cronologicamente circoscritto ma, pi\u00f9 in generale, come un nodo problematico della storia del Novecento. L&#8217;evento, con la sua singolarit\u00e0 e la sua estrema condensazione temporale durante la guerra, \u00e8 inevitabilmente posto al centro dell&#8217;opera, che ne ricostruisce il processo, le strutture, le forme, le tappe e gli attori. Ma la Shoah \u00e8 studiata anche come un problema storico nel senso pi\u00f9 ampio del termine, cercando di sondarne l&#8217;impatto sulla cultura del mondo occidentale.<\/p>\n","protected":false},"excerpt":{"rendered":"<p>Volume a cura di Marina Cattaruzza, Marcello Flores, Simon Levis Sullam, Enzo Traverso. &nbsp; La &#8220;Storia della Shoah&#8221;, nata sotto la direzione di un collettivo di studiosi italiani coadiuvati da un comitato scientifico comprendente alcuni tra i maggiori specialisti internazionalmente riconosciuti, analizza il genocidio degli ebrei non soltanto come un evento geograficamente e cronologicamente circoscritto [&hellip;]<\/p>\n","protected":false},"featured_media":7187,"template":"","meta":{"_acf_changed":false,"rank_math_lock_modified_date":false},"product_cat":[300],"product_tag":[],"class_list":{"0":"post-15794","1":"product","2":"type-product","3":"status-publish","4":"has-post-thumbnail","6":"product_cat-utet-en","8":"first","9":"instock","10":"shipping-taxable","11":"product-type-simple"},"acf":[],"_links":{"self":[{"href":"https:\/\/galleria20service.com\/en\/wp-json\/wp\/v2\/product\/15794"}],"collection":[{"href":"https:\/\/galleria20service.com\/en\/wp-json\/wp\/v2\/product"}],"about":[{"href":"https:\/\/galleria20service.com\/en\/wp-json\/wp\/v2\/types\/product"}],"wp:featuredmedia":[{"embeddable":true,"href":"https:\/\/galleria20service.com\/en\/wp-json\/wp\/v2\/media\/7187"}],"wp:attachment":[{"href":"https:\/\/galleria20service.com\/en\/wp-json\/wp\/v2\/media?parent=15794"}],"wp:term":[{"taxonomy":"product_cat","embeddable":true,"href":"https:\/\/galleria20service.com\/en\/wp-json\/wp\/v2\/product_cat?post=15794"},{"taxonomy":"product_tag","embeddable":true,"href":"https:\/\/galleria20service.com\/en\/wp-json\/wp\/v2\/product_tag?post=15794"}],"curies":[{"name":"wp","href":"https:\/\/api.w.org\/{rel}","templated":true}]}}