{"id":15787,"date":"2023-01-25T17:22:56","date_gmt":"2023-01-25T16:22:56","guid":{"rendered":"https:\/\/galleriaduepuntozero.com\/prodotto\/i-classici-latini\/"},"modified":"2023-01-25T17:22:56","modified_gmt":"2023-01-25T16:22:56","slug":"i-classici-latini","status":"publish","type":"product","link":"https:\/\/galleria20service.com\/en\/prodotto\/i-classici-latini\/","title":{"rendered":"I Classici Latini"},"content":{"rendered":"<p>I Classici Utet sono una collezione unica nel panorama editoriale italiano: la pi\u00f9 ampia raccolta, selezionata e organica, dei testi e degli autori fondamentali delle civilt\u00e0 letterarie greca, latina, e italiana e di varie, fondamentali discipline e rami del sapere: Filosofia, Pedagogia, Politica, Religioni, Scienza, Sociologia.<\/p>\n<p>Le edizioni dei Classici UTET sono prive di appesantimenti eruditi: grande attenzione \u00e8 riservata invece alla leggibilit\u00e0 e alla fruibilit\u00e0 del testo, per consentire a tutti, anche ai lettori non specialisti, di godere del grande patrimonio dei classici della cultura.<\/p>\n<p>Ogni pubblicazione \u00e8 articolata in:<\/p>\n<ul>\n<li>Introduzione: ampio saggio d\u2019autore sull\u2019opera presentata<\/li>\n<li>Testo integrale dell\u2019opera<\/li>\n<li>Note esplicative<\/li>\n<li>Glossari<\/li>\n<li>Indici analitici<\/li>\n<li>Bibliografia critica essenziale<\/li>\n<\/ul>\n","protected":false},"excerpt":{"rendered":"<p>I Classici Utet sono una collezione unica nel panorama editoriale italiano: la pi\u00f9 ampia raccolta, selezionata e organica, dei testi e degli autori fondamentali delle civilt\u00e0 letterarie greca, latina, e italiana e di varie, fondamentali discipline e rami del sapere: Filosofia, Pedagogia, Politica, Religioni, Scienza, Sociologia. Le edizioni dei Classici UTET sono prive di appesantimenti [&hellip;]<\/p>\n","protected":false},"featured_media":7199,"template":"","meta":{"_acf_changed":false,"rank_math_lock_modified_date":false},"product_cat":[300],"product_tag":[],"class_list":{"0":"post-15787","1":"product","2":"type-product","3":"status-publish","4":"has-post-thumbnail","6":"product_cat-utet-en","8":"first","9":"instock","10":"shipping-taxable","11":"product-type-simple"},"acf":[],"_links":{"self":[{"href":"https:\/\/galleria20service.com\/en\/wp-json\/wp\/v2\/product\/15787"}],"collection":[{"href":"https:\/\/galleria20service.com\/en\/wp-json\/wp\/v2\/product"}],"about":[{"href":"https:\/\/galleria20service.com\/en\/wp-json\/wp\/v2\/types\/product"}],"wp:featuredmedia":[{"embeddable":true,"href":"https:\/\/galleria20service.com\/en\/wp-json\/wp\/v2\/media\/7199"}],"wp:attachment":[{"href":"https:\/\/galleria20service.com\/en\/wp-json\/wp\/v2\/media?parent=15787"}],"wp:term":[{"taxonomy":"product_cat","embeddable":true,"href":"https:\/\/galleria20service.com\/en\/wp-json\/wp\/v2\/product_cat?post=15787"},{"taxonomy":"product_tag","embeddable":true,"href":"https:\/\/galleria20service.com\/en\/wp-json\/wp\/v2\/product_tag?post=15787"}],"curies":[{"name":"wp","href":"https:\/\/api.w.org\/{rel}","templated":true}]}}