{"id":15761,"date":"2023-01-26T17:56:31","date_gmt":"2023-01-26T16:56:31","guid":{"rendered":"https:\/\/galleriaduepuntozero.com\/prodotto\/palazzine-brevi-n-2\/"},"modified":"2023-01-26T17:56:31","modified_gmt":"2023-01-26T16:56:31","slug":"palazzine-brevi-n-2","status":"publish","type":"product","link":"https:\/\/galleria20service.com\/en\/prodotto\/palazzine-brevi-n-2\/","title":{"rendered":"PALAZZINE BREVI N.2"},"content":{"rendered":"<h3><strong>SPECIFICHE \/ <\/strong><span style=\"color: #808080;\"><strong>DETAILS<\/strong><\/span><\/h3>\n<section class=\"elementor-section elementor-top-section elementor-element elementor-element-13ac6c3 elementor-section-boxed elementor-section-height-default elementor-section-height-default parallax_section_no qode_elementor_container_no\" data-id=\"13ac6c3\" data-element_type=\"section\">\n<div class=\"elementor-container elementor-column-gap-default\">\n<div class=\"elementor-column elementor-col-100 elementor-top-column elementor-element elementor-element-863006f\" data-id=\"863006f\" data-element_type=\"column\">\n<div class=\"elementor-widget-wrap elementor-element-populated\">\n<div class=\"elementor-element elementor-element-179a850 elementor-widget elementor-widget-text-editor\" data-id=\"179a850\" data-element_type=\"widget\" data-widget_type=\"text-editor.default\">\n<div class=\"elementor-widget-container\">\n<p>Acrilico su cartone cotonato<\/p>\n<p><em>Acrylic painting on cotton cardboard<\/em><\/p>\n<p>40 x 30 cm | 2021<\/p>\n<p>&nbsp;<\/p>\n<h3><strong>_STATEMENT<\/strong><\/h3>\n<\/div>\n<\/div>\n<\/div>\n<\/div>\n<\/div>\n<\/section>\n<div class=\"column\">\n<div class=\"page\" title=\"Page 50\">\n<div class=\"section\">\n<div class=\"layoutArea\">\n<div class=\"column\">\n<p><strong>VIAGGIO ATTRAVERSO L\u2019ARCHETIPO DELLA DIMORA<\/strong><\/p>\n<p>&nbsp;<\/p>\n<p><strong>Dall\u2019aggregazione alla disintegrazione identitaria e oltre<\/strong><\/p>\n<p>&nbsp;<\/p>\n<p>Questa raccolta di opere vuol essere un viaggio di esplorazione nel piu\u0300 ancestrale rifugio dell\u2019essere umano: la Dimora, intesa come archetipo primario di protezione e stabilita\u0300 e dunque di innata felicita\u0300. La Casa e\u0300 dove si trova il cuore, una condizione emotiva di appartenenza, sicurezza e intimita\u0300; e\u0300 Memoria uterina che alberga in noi e ci proietta verso lo spazio rotondo e quieto a cui aneliamo per il resto della nostra esistenza. La casa e\u0300 il luogo ove celebriamo il rito della quotidianita\u0300, dell\u2019esserci come presenza immanente nel cuore delle umane cose e per questo rappresenta e contribuisce a sostanziare l\u2019esperienza di un centro vitale, un nucleo di liberta\u0300 all\u2019interno del quale si puo\u0300 essere pienamente se stessi. Nel chiuso della sua solida struttura si vivono storie, si tessono sogni che risplendono attraverso aperture e finestre, che ne svelano tutto il mistero.<\/p>\n<\/div>\n<\/div>\n<\/div>\n<\/div>\n<p>L\u2019opera PALAZZINE BREVI N.2 si collega visivamente tramite moduli di colore all\u2019opera <strong>PALAZZINE BREVI N.1<\/strong><\/p>\n<p>L\u2019esistenza umana inizia ad appiattirsi in linee verticali e orizzontali, nere e marcate, che precludono l\u2019interazione. La solidit\u00e0 lascia il posto all\u2019economia dello spazio. La comunicazione diventa essenzialmente informativa. Inizia l\u2019isolamento. Il fuoco dell\u2019intimit\u00e0 non risplende pi\u00f9 nelle \u201cumane cose\u201d; la quotidianit\u00e0 si svuota di senso e presenza. Le finestre accese testimoniano un\u2019operosit\u00e0 sbrigativa ed essenziale che non pu\u00f2 perdere tempo n\u00e9 concedersi spazi di condivisione. La dimora diviene limite invalicabile, protezione e prigione al tempo stesso.<\/p>\n<\/div>\n<h3><span style=\"color: #808080;\"><strong>_STATEMENT<\/strong><\/span><\/h3>\n<div class=\"page\" title=\"Page 50\">\n<div class=\"section\">\n<div class=\"layoutArea\">\n<div class=\"column\">\n<p><strong>JOURNEY THROUGH THE ARCHETYPE OF THE DWELLING<\/strong><\/p>\n<p>&nbsp;<\/p>\n<p><strong>From aggregation to identity disintegration and beyond<\/strong><\/p>\n<p>&nbsp;<\/p>\n<p>This collection of works is meant to be a journey of exploration into the most ancestral refuge of the human being: the Abode, as a primary archetype of protection and stability and therefore of innate happiness. Home is where the he- art is, an emotional condition of belonging, security and intimacy; it is uterine Memory that dwells in us and projects us towards the round and quiet space we yearn for the rest of our existence. Home is the place where we celebrate the ritual of everyday life, of being-there as an immanent presence in the heart of human things; and for this reason it represents and helps to substantiate the experience of a vital centre, a nucleus of freedom within which one can be fully oneself. Stories are lived within its solid structure, dreams are woven that shine through openings and windows which reveal all its mystery.<\/p>\n<\/div>\n<p>The work\u00a0<strong>PALAZZINE BREVI N.2\u00a0 <\/strong>is visually connected through color modules to the work\u00a0<strong>PALAZZINE BREVI N.1<\/strong><\/p>\n<\/div>\n<\/div>\n<\/div>\n<p>Human existence begins to flatten into vertical and horizontal lines, black and marked, which preclude interaction. Solidity gives way to economy of space. Communication becomes essentially informative. Isolation begins. The fire of intimacy no longer shines in \u201chuman things\u201d; everyday life is emptied of meaning and presence. The lit windows testify to a hasty and essential industriousness that cannot waste time or allow itself spaces for sharing. The house becomes an insurmountable limit, protection and prison at the same time.<\/p>\n<p><!--more--><\/p>\n<h3><strong>_BIOGRAFIA<\/strong><\/h3>\n<div class=\"page\" title=\"Page 8\">\n<div class=\"section\">\n<div class=\"layoutArea\">\n<div class=\"column\">\n<p>Fiorella Rizzo e\u0300 Pedagogista clinico a orientamento gestaltico e consulente emozionale: da circa vent\u2019anni, infatti, studia le emozioni in relazione agli archetipi cromatici. Dopo un lungo processo ermeneutico ha ideato il Sistema Integrato di Ristrutturazione Emotiva (SIRE), una concezione transpersonale che vede nei colori l\u2019azione volitiva e precisa di un carattere archetipale che affranca il fenomeno \u201ccolore\u201d dalla visione soggettiva e relativa e lo riconsegna alla sua funzione collettivo-simboli- ca. Contemporaneamente ha sviluppato la passione per la pittura inizian- do un percorso da autodidatta.<\/p>\n<p>Alcune delle sue opere sono state esposte presso la Galleria Spaziottagoni e la Galleria Campioli Monterotondo (Roma), il Circolo Artistico Bergamasco e la Sala Manzu\u0300 a Bergamo.<\/p>\n<p>&nbsp;<\/p>\n<\/div>\n<\/div>\n<\/div>\n<\/div>\n<h3><span style=\"color: #808080;\"><strong>_BIOGRAPHY<\/strong><\/span><\/h3>\n<div class=\"page\" title=\"Page 8\">\n<div class=\"section\">\n<div class=\"layoutArea\">\n<div class=\"column\">\n<p>Fiorella Rizzo is a Gestalt-oriented clinical pedagogist and emotional consultant: indeed, she has been studying emotions in relation to chromatic archetypes for about twenty years. After a long hermeneutical process, she created the Integrated System of Emotional Restructuring (SIRE), a trans-personal conception that sees in colors the strong-willed and precise action of an archetypal character that frees the \u201ccolor\u201d phenomenon from the subjective and relative vision and returns to its collective-symbolic function. At the same time she developed a passion for painting by starting a self-taught journey. Some of her works have been exhibited at Galleria Spaziottagoni and Galleria Campioli Monterotondo (Rome), Circolo Artistico Bergamasco and Sala Manzu\u0300 in Bergamo.<\/p>\n<\/div>\n<\/div>\n<\/div>\n<\/div>\n","protected":false},"excerpt":{"rendered":"<p>SPECIFICHE \/ DETAILS Acrilico su cartone cotonato Acrylic painting on cotton cardboard 40 x 30 cm | 2021 &nbsp; _STATEMENT VIAGGIO ATTRAVERSO L\u2019ARCHETIPO DELLA DIMORA &nbsp; Dall\u2019aggregazione alla disintegrazione identitaria e oltre &nbsp; Questa raccolta di opere vuol essere un viaggio di esplorazione nel piu\u0300 ancestrale rifugio dell\u2019essere umano: la Dimora, intesa come archetipo primario [&hellip;]<\/p>\n","protected":false},"featured_media":6779,"template":"","meta":{"_acf_changed":false,"rank_math_lock_modified_date":false},"product_cat":[385],"product_tag":[381,276],"class_list":{"0":"post-15761","1":"product","2":"type-product","3":"status-publish","4":"has-post-thumbnail","6":"product_cat-fiorella-rizzo-en","7":"product_tag-improntedarte2022-en","8":"product_tag-opere-eventi-en","10":"first","11":"instock","12":"shipping-taxable","13":"product-type-simple"},"acf":[],"_links":{"self":[{"href":"https:\/\/galleria20service.com\/en\/wp-json\/wp\/v2\/product\/15761"}],"collection":[{"href":"https:\/\/galleria20service.com\/en\/wp-json\/wp\/v2\/product"}],"about":[{"href":"https:\/\/galleria20service.com\/en\/wp-json\/wp\/v2\/types\/product"}],"wp:featuredmedia":[{"embeddable":true,"href":"https:\/\/galleria20service.com\/en\/wp-json\/wp\/v2\/media\/6779"}],"wp:attachment":[{"href":"https:\/\/galleria20service.com\/en\/wp-json\/wp\/v2\/media?parent=15761"}],"wp:term":[{"taxonomy":"product_cat","embeddable":true,"href":"https:\/\/galleria20service.com\/en\/wp-json\/wp\/v2\/product_cat?post=15761"},{"taxonomy":"product_tag","embeddable":true,"href":"https:\/\/galleria20service.com\/en\/wp-json\/wp\/v2\/product_tag?post=15761"}],"curies":[{"name":"wp","href":"https:\/\/api.w.org\/{rel}","templated":true}]}}