{"id":15739,"date":"2023-02-07T16:50:35","date_gmt":"2023-02-07T15:50:35","guid":{"rendered":"https:\/\/galleriaduepuntozero.com\/prodotto\/cofanetto-la-storia-della-lira-nella-repubblica-italiana\/"},"modified":"2023-02-07T16:50:35","modified_gmt":"2023-02-07T15:50:35","slug":"cofanetto-la-storia-della-lira-nella-repubblica-italiana","status":"publish","type":"product","link":"https:\/\/galleria20service.com\/en\/prodotto\/cofanetto-la-storia-della-lira-nella-repubblica-italiana\/","title":{"rendered":"COFANETTO &#8220;LA STORIA DELLA LIRA NELLA REPUBBLICA ITALIANA&#8221;"},"content":{"rendered":"<p>Il cofanetto contiene cinque monete storiche, accompagnate da un certificato di garanzia e autenticit\u00e0.<\/p>\n<p>&nbsp;<\/p>\n<p>Contiene:<\/p>\n<p>&#8211; Lire 200 del 1977: <span class=\"ILfuVd\" lang=\"it\"><span class=\"hgKElc\">\u00d8 24 mm per un peso in Ag 986% di 7,60 g;<\/span><\/span><\/p>\n<p>&#8211; Lire 500 del 1982: <span class=\"ILfuVd\" lang=\"it\"><span class=\"hgKElc\">\u00d8 25,8 mm per un peso in Ag di 3,41 g, similoro di 4,52 g, per 7,93 g complessivi;<\/span><\/span><\/p>\n<p>&#8211; Lire 100 del 1993: <span class=\"ILfuVd\" lang=\"it\"><span class=\"hgKElc\">\u00d8<\/span><\/span> 22 mm per un peso in Ag 986% di 6,41 g;<\/p>\n<p>&#8211; Lire 50 del 1996: <span class=\"ILfuVd\" lang=\"it\"><span class=\"hgKElc\">\u00d8<\/span><\/span> 19,2 mm per un peso in Ag 986% di 4,82 g;<\/p>\n<p>&#8211; Lire 1000 del 1997: <span class=\"ILfuVd\" lang=\"it\"><span class=\"hgKElc\">\u00d8<\/span><\/span> 27 mm per un peso in Ag 986% di 4,58 g, similoro di 4,00 g, per 8,58 g complessivi.<\/p>\n","protected":false},"excerpt":{"rendered":"<p>Il cofanetto contiene cinque monete storiche, accompagnate da un certificato di garanzia e autenticit\u00e0. &nbsp; Contiene: &#8211; Lire 200 del 1977: \u00d8 24 mm per un peso in Ag 986% di 7,60 g; &#8211; Lire 500 del 1982: \u00d8 25,8 mm per un peso in Ag di 3,41 g, similoro di 4,52 g, per 7,93 [&hellip;]<\/p>\n","protected":false},"featured_media":7263,"template":"","meta":{"_acf_changed":false,"rank_math_lock_modified_date":false},"product_cat":[359],"product_tag":[379],"class_list":{"0":"post-15739","1":"product","2":"type-product","3":"status-publish","4":"has-post-thumbnail","6":"product_cat-istituto-poligrafico-e-zecca-dello-stato-en","7":"product_tag-lira-en","9":"first","10":"instock","11":"shipping-taxable","12":"product-type-simple"},"acf":[],"_links":{"self":[{"href":"https:\/\/galleria20service.com\/en\/wp-json\/wp\/v2\/product\/15739"}],"collection":[{"href":"https:\/\/galleria20service.com\/en\/wp-json\/wp\/v2\/product"}],"about":[{"href":"https:\/\/galleria20service.com\/en\/wp-json\/wp\/v2\/types\/product"}],"wp:featuredmedia":[{"embeddable":true,"href":"https:\/\/galleria20service.com\/en\/wp-json\/wp\/v2\/media\/7263"}],"wp:attachment":[{"href":"https:\/\/galleria20service.com\/en\/wp-json\/wp\/v2\/media?parent=15739"}],"wp:term":[{"taxonomy":"product_cat","embeddable":true,"href":"https:\/\/galleria20service.com\/en\/wp-json\/wp\/v2\/product_cat?post=15739"},{"taxonomy":"product_tag","embeddable":true,"href":"https:\/\/galleria20service.com\/en\/wp-json\/wp\/v2\/product_tag?post=15739"}],"curies":[{"name":"wp","href":"https:\/\/api.w.org\/{rel}","templated":true}]}}