{"id":15729,"date":"2023-02-10T18:20:09","date_gmt":"2023-02-10T17:20:09","guid":{"rendered":"https:\/\/galleriaduepuntozero.com\/prodotto\/annuncio\/"},"modified":"2023-02-10T18:20:09","modified_gmt":"2023-02-10T17:20:09","slug":"annuncio","status":"publish","type":"product","link":"https:\/\/galleria20service.com\/en\/prodotto\/annuncio\/","title":{"rendered":"Ciro Palumbo &#8211; &#8220;ANNUNCIO&#8221;"},"content":{"rendered":"<p>Dipinto originale a olio del maestro Ciro Palumbo.<\/p>\n<p>Nato a Zurigo nel 1965, l&#8217;artista Ciro Palumbo ricerca, attraverso le sue opere, palcoscenici in cui i soggetti e gli oggetti rievocano simbologie oniriche. La formazione di grafico pubblicitario \u00e8 ampliata dall&#8217;esperienza in una bottega d&#8217;arte, che lo porta a conoscere alcuni maestri contemporanei. Palumbo non \u00e8 solo un pittore, ma \u00e8 anche un poeta: nei suoi lavori trasmette metafore legate al rapporto tra spazio e tempo. Le sue rappresentazioni derivano da suggestioni legate a paesaggi, miti e costruzioni reinterpretati in senso puramente onirico.<\/p>\n<p>L&#8217;attivit\u00e0 espositiva dell&#8217;artista \u00e8 iniziata nel 1994 e si \u00e8 evoluta fino a un centinaio di mostre in tutta Italia. Da segnalare sono la partecipazione alla 54esima Biennale di Venezia e le presenze all&#8217;ArtExpo di New York e al Context Art Miami.<\/p>\n","protected":false},"excerpt":{"rendered":"<p>Dipinto originale a olio del maestro Ciro Palumbo. Nato a Zurigo nel 1965, l&#8217;artista Ciro Palumbo ricerca, attraverso le sue opere, palcoscenici in cui i soggetti e gli oggetti rievocano simbologie oniriche. La formazione di grafico pubblicitario \u00e8 ampliata dall&#8217;esperienza in una bottega d&#8217;arte, che lo porta a conoscere alcuni maestri contemporanei. Palumbo non \u00e8 [&hellip;]<\/p>\n","protected":false},"featured_media":7410,"template":"","meta":{"_acf_changed":false,"rank_math_lock_modified_date":false},"product_cat":[351],"product_tag":[],"class_list":{"0":"post-15729","1":"product","2":"type-product","3":"status-publish","4":"has-post-thumbnail","6":"product_cat-ciro-palumbo-en","8":"first","9":"instock","10":"shipping-taxable","11":"product-type-simple"},"acf":[],"_links":{"self":[{"href":"https:\/\/galleria20service.com\/en\/wp-json\/wp\/v2\/product\/15729"}],"collection":[{"href":"https:\/\/galleria20service.com\/en\/wp-json\/wp\/v2\/product"}],"about":[{"href":"https:\/\/galleria20service.com\/en\/wp-json\/wp\/v2\/types\/product"}],"wp:featuredmedia":[{"embeddable":true,"href":"https:\/\/galleria20service.com\/en\/wp-json\/wp\/v2\/media\/7410"}],"wp:attachment":[{"href":"https:\/\/galleria20service.com\/en\/wp-json\/wp\/v2\/media?parent=15729"}],"wp:term":[{"taxonomy":"product_cat","embeddable":true,"href":"https:\/\/galleria20service.com\/en\/wp-json\/wp\/v2\/product_cat?post=15729"},{"taxonomy":"product_tag","embeddable":true,"href":"https:\/\/galleria20service.com\/en\/wp-json\/wp\/v2\/product_tag?post=15729"}],"curies":[{"name":"wp","href":"https:\/\/api.w.org\/{rel}","templated":true}]}}