{"id":15723,"date":"2023-02-24T11:13:57","date_gmt":"2023-02-24T10:13:57","guid":{"rendered":"https:\/\/galleriaduepuntozero.com\/prodotto\/leonardo-da-vinci-i-cento-disegni-piu-belli-2\/"},"modified":"2023-02-24T11:13:57","modified_gmt":"2023-02-24T10:13:57","slug":"leonardo-da-vinci-i-cento-disegni-piu-belli-2","status":"publish","type":"product","link":"https:\/\/galleria20service.com\/en\/prodotto\/leonardo-da-vinci-i-cento-disegni-piu-belli-2\/","title":{"rendered":"LEONARDO DA VINCI &#8211; I CENTO DISEGNI PI\u00d9 BELLI"},"content":{"rendered":"<p>Il volume \u00e8 un&#8217;edizione celebrativa, curata da Sara Taglialagamba e Carlo Pedretti. La tiratura \u00e8 limitata a 998 esemplari, numerati a mano.<\/p>\n<p>A cinquant&#8217;anni dalla nascita del progetto dell&#8217;Edizione Nazionale dei manoscritti e disegni di Leonardo da Vinci, con un programma altamente scientifico e innovativo di pubblicazioni critiche e in facsimile a cura dei pi\u00f9 grandi studiosi del mondo, era naturale celebrarne il percorso fin qui condotto con un&#8217;opera che ne presentasse i risultati pi\u00f9 significativi e, soprattutto, pi\u00f9 apprezzabili. Questo volume celebrativo intende rivolgersi a un pubblico vasto, composto non di soli specialisti, con un&#8217;eccezionale sintesi conclusiva che possa risultare anche un nuovo punto di partenza. Cento tavole con i disegni pi\u00f9 belli di Leonardo, scelti uno per uno dal pi\u00f9 importante studioso di Leonardo al mondo, Carlo Pedretti, provenienti dalle collezioni sparse in Europa e negli Stati Uniti, accompagneranno lo studioso o l&#8217;appassionato attraverso un universo di bellezza e di mistero, elementi imprescindibili del Genio Universale di Leonardo.<\/p>\n<p>&nbsp;<\/p>\n<p>Caratteristiche:<\/p>\n<p>\u2022 Contiene 100 tavole in facsimile per 114 disegni vinciani conservati nei musei di tutto il mondo<br \/>\n\u2022 Tavole formato 31,5 x 45 cm<br \/>\n\u2022 Carta velata avorio da 250 grammi della Papeterie Zuber Rieder di Brussi\u00e8res in Francia<br \/>\n\u2022 Volume di studio di 256 pagine stampato su carta da 135 grammi velata avorio delle cartiere Magnani di Pescia<br \/>\n\u2022 Certificato notarile autografo<br \/>\n\u2022 Certificato di garanzia in attestazione della originalit\u00e0<br \/>\n\u2022 Le 100 tavole sono contenute in un prezioso astuccio di formato 33,5 x 48,8 cm rivestito in pelle di vitello anilina naturale in pieno fiore di colore bordeaux fornita dalla conceria Medici di Firenze, con preziose impressioni in oro su piatto e dorso<br \/>\n\u2022 Cornice in radica formato 35 x 50 cm realizzata appositamente per esporre le opere sia al muro che su un piano<br \/>\n\u2022 Ogni opera viene prodotta dal Laboratorio Artigiano Giunti di Firenze<br \/>\n\u2022 Per la riproduzione \u00e8 stata utilizzata la cosiddetta Scala Cromatica Leonardo che utilizza 5 colori pantone specifici<\/p>\n","protected":false},"excerpt":{"rendered":"<p>Il volume \u00e8 un&#8217;edizione celebrativa, curata da Sara Taglialagamba e Carlo Pedretti. La tiratura \u00e8 limitata a 998 esemplari, numerati a mano. A cinquant&#8217;anni dalla nascita del progetto dell&#8217;Edizione Nazionale dei manoscritti e disegni di Leonardo da Vinci, con un programma altamente scientifico e innovativo di pubblicazioni critiche e in facsimile a cura dei pi\u00f9 [&hellip;]<\/p>\n","protected":false},"featured_media":7473,"template":"","meta":{"_acf_changed":false,"rank_math_lock_modified_date":false},"product_cat":[376],"product_tag":[],"class_list":{"0":"post-15723","1":"product","2":"type-product","3":"status-publish","4":"has-post-thumbnail","6":"product_cat-giunti-treccani-en","8":"first","9":"instock","10":"shipping-taxable","11":"product-type-simple"},"acf":[],"_links":{"self":[{"href":"https:\/\/galleria20service.com\/en\/wp-json\/wp\/v2\/product\/15723"}],"collection":[{"href":"https:\/\/galleria20service.com\/en\/wp-json\/wp\/v2\/product"}],"about":[{"href":"https:\/\/galleria20service.com\/en\/wp-json\/wp\/v2\/types\/product"}],"wp:featuredmedia":[{"embeddable":true,"href":"https:\/\/galleria20service.com\/en\/wp-json\/wp\/v2\/media\/7473"}],"wp:attachment":[{"href":"https:\/\/galleria20service.com\/en\/wp-json\/wp\/v2\/media?parent=15723"}],"wp:term":[{"taxonomy":"product_cat","embeddable":true,"href":"https:\/\/galleria20service.com\/en\/wp-json\/wp\/v2\/product_cat?post=15723"},{"taxonomy":"product_tag","embeddable":true,"href":"https:\/\/galleria20service.com\/en\/wp-json\/wp\/v2\/product_tag?post=15723"}],"curies":[{"name":"wp","href":"https:\/\/api.w.org\/{rel}","templated":true}]}}