{"id":15721,"date":"2023-02-24T11:22:28","date_gmt":"2023-02-24T10:22:28","guid":{"rendered":"https:\/\/galleriaduepuntozero.com\/prodotto\/piero-della-francesca\/"},"modified":"2023-02-24T11:22:28","modified_gmt":"2023-02-24T10:22:28","slug":"piero-della-francesca","status":"publish","type":"product","link":"https:\/\/galleria20service.com\/en\/prodotto\/piero-della-francesca\/","title":{"rendered":"PIERO DELLA FRANCESCA &#8211; EDIZIONE DI PREGIO"},"content":{"rendered":"<p>Treccani dedica ai grandi maestri della pittura italiana una serie di volumi che affrontano tre grandi temi della pittura universale, la prospettiva, il disegno e il colore.<\/p>\n<p>Il testo ripercorre in parallelo la biografia e l\u2019evoluzione dell\u2019arte del Maestro attraverso le fonti e il confronto, ben documentato dalle immagini, con gli artisti a lui contemporanei. Tutte le opere di Piero sono qui presentate da Bertelli nell\u2019ordine cronologico suggerito da date e documenti o ritenuto tale dall\u2019esame stilistico, ma, diversamente dal costume vigente, le tavole relative al ciclo di San Francesco ad Arezzo non seguono l\u2019ordine della narrazione nella <em>Legenda aurea<\/em>, cui le storie sono ispirate, bens\u00ec la successione nelle fasi di esecuzione. Il lettore ha cos\u00ec la possibilit\u00e0, sfogliando il ricco repertorio fotografico, di seguire i cambiamenti di visione e di stile nel percorso del maestro.<\/p>\n<p>Chiudono il volume gli apparati, con il catalogo aggiornato delle opere, illustrato da immagini a colori che agevolano l\u2019identificazione dell\u2019opera e corredato delle informazioni realtive alla datazione, al formato, alla tecnica e alla collocazione. La bibliografia aggiornata fornisce un indispensabile strumento per orientarsi nella mole di scritti sull\u2019artista e sulla assai dibattuta cronologia delle sue opere.<\/p>\n","protected":false},"excerpt":{"rendered":"<p>Treccani dedica ai grandi maestri della pittura italiana una serie di volumi che affrontano tre grandi temi della pittura universale, la prospettiva, il disegno e il colore. Il testo ripercorre in parallelo la biografia e l\u2019evoluzione dell\u2019arte del Maestro attraverso le fonti e il confronto, ben documentato dalle immagini, con gli artisti a lui contemporanei. [&hellip;]<\/p>\n","protected":false},"featured_media":7485,"template":"","meta":{"_acf_changed":false,"rank_math_lock_modified_date":false},"product_cat":[345],"product_tag":[],"class_list":{"0":"post-15721","1":"product","2":"type-product","3":"status-publish","4":"has-post-thumbnail","6":"product_cat-istitito-dellenciclopedia-italiana-treccani-en","8":"first","9":"instock","10":"shipping-taxable","11":"product-type-simple"},"acf":[],"_links":{"self":[{"href":"https:\/\/galleria20service.com\/en\/wp-json\/wp\/v2\/product\/15721"}],"collection":[{"href":"https:\/\/galleria20service.com\/en\/wp-json\/wp\/v2\/product"}],"about":[{"href":"https:\/\/galleria20service.com\/en\/wp-json\/wp\/v2\/types\/product"}],"wp:featuredmedia":[{"embeddable":true,"href":"https:\/\/galleria20service.com\/en\/wp-json\/wp\/v2\/media\/7485"}],"wp:attachment":[{"href":"https:\/\/galleria20service.com\/en\/wp-json\/wp\/v2\/media?parent=15721"}],"wp:term":[{"taxonomy":"product_cat","embeddable":true,"href":"https:\/\/galleria20service.com\/en\/wp-json\/wp\/v2\/product_cat?post=15721"},{"taxonomy":"product_tag","embeddable":true,"href":"https:\/\/galleria20service.com\/en\/wp-json\/wp\/v2\/product_tag?post=15721"}],"curies":[{"name":"wp","href":"https:\/\/api.w.org\/{rel}","templated":true}]}}