{"id":15720,"date":"2023-02-24T11:27:34","date_gmt":"2023-02-24T10:27:34","guid":{"rendered":"https:\/\/galleriaduepuntozero.com\/prodotto\/tiziano\/"},"modified":"2023-02-24T11:27:34","modified_gmt":"2023-02-24T10:27:34","slug":"tiziano","status":"publish","type":"product","link":"https:\/\/galleria20service.com\/en\/prodotto\/tiziano\/","title":{"rendered":"TIZIANO &#8211; EDIZIONE DI PREGIO"},"content":{"rendered":"<p>Di grande formato e raffinata qualit\u00e0 grafica, il volume si apre con un saggio di Giovanni Carlo Federico Villa che introduce il lettore al percorso artistico di Tiziano. Il testo ripercorre la biografia del Maestro e l\u2019evoluzione della sua arte attraverso le fonti e il confronto, ben documentato dalle immagini, con gli artisti a lui contemporanei. Ci si propone dunque di guidare il lettore in una sorta di viaggio alla riscoperta di questo grande artista, attraverso un saggio critico sintetico e problematico \u2013 sia della vita che delle opere \u2013, accompagnato da un ricco corredo di immagini a colori, nonch\u00e9 da una sezione esclusivamente iconografica (Il percorso artistico) che illustra in maniera eccellente le opere pi\u00f9 belle e conosciute. Nel catalogo ragionato delle opere sono contenute le novit\u00e0 attributive e cronologiche emerse in questi ultimi trent\u2019anni di studi sull\u2019artista. Infine viene fornita una ricca bibliografia aggiornata ai titoli pi\u00f9 recenti, da cui \u00e8 comunque possibile ricavare la vicenda pregressa, non escluse indicazioni relative a fonti e documenti cinquecenteschi utili alla ricostruzione del profilo biografico dell\u2019artista.<\/p>\n","protected":false},"excerpt":{"rendered":"<p>Di grande formato e raffinata qualit\u00e0 grafica, il volume si apre con un saggio di Giovanni Carlo Federico Villa che introduce il lettore al percorso artistico di Tiziano. Il testo ripercorre la biografia del Maestro e l\u2019evoluzione della sua arte attraverso le fonti e il confronto, ben documentato dalle immagini, con gli artisti a lui [&hellip;]<\/p>\n","protected":false},"featured_media":7491,"template":"","meta":{"_acf_changed":false,"rank_math_lock_modified_date":false},"product_cat":[345],"product_tag":[],"class_list":{"0":"post-15720","1":"product","2":"type-product","3":"status-publish","4":"has-post-thumbnail","6":"product_cat-istitito-dellenciclopedia-italiana-treccani-en","8":"first","9":"instock","10":"shipping-taxable","11":"product-type-simple"},"acf":[],"_links":{"self":[{"href":"https:\/\/galleria20service.com\/en\/wp-json\/wp\/v2\/product\/15720"}],"collection":[{"href":"https:\/\/galleria20service.com\/en\/wp-json\/wp\/v2\/product"}],"about":[{"href":"https:\/\/galleria20service.com\/en\/wp-json\/wp\/v2\/types\/product"}],"wp:featuredmedia":[{"embeddable":true,"href":"https:\/\/galleria20service.com\/en\/wp-json\/wp\/v2\/media\/7491"}],"wp:attachment":[{"href":"https:\/\/galleria20service.com\/en\/wp-json\/wp\/v2\/media?parent=15720"}],"wp:term":[{"taxonomy":"product_cat","embeddable":true,"href":"https:\/\/galleria20service.com\/en\/wp-json\/wp\/v2\/product_cat?post=15720"},{"taxonomy":"product_tag","embeddable":true,"href":"https:\/\/galleria20service.com\/en\/wp-json\/wp\/v2\/product_tag?post=15720"}],"curies":[{"name":"wp","href":"https:\/\/api.w.org\/{rel}","templated":true}]}}