{"id":15690,"date":"2023-03-03T16:14:24","date_gmt":"2023-03-03T15:14:24","guid":{"rendered":"https:\/\/galleriaduepuntozero.com\/prodotto\/leonardo-infinito\/"},"modified":"2023-03-03T16:14:24","modified_gmt":"2023-03-03T15:14:24","slug":"leonardo-infinito","status":"publish","type":"product","link":"https:\/\/galleria20service.com\/en\/prodotto\/leonardo-infinito\/","title":{"rendered":"LEONARDO INFINITO"},"content":{"rendered":"<p>Il volume dedicato a Leonardo \u00e8 esso stesso un&#8217;opera d&#8217;arte, prestigioso e unico nella rappresentazione doviziosa del suo genio. Lo studio appassionante \u00e8 il punto di riferimento pi\u00f9 alto e completo per scoprire la vita e l&#8217;entusiasmante contributo all&#8217;umanit\u00e0 di questo sommo artista e ricercatore.<br \/>\nDi fronte allo sterminato orizzonte del &#8220;fenomeno Leonardo&#8221; e al moltiplicarsi di leggende forvianti che confondono le autentiche riscoperte, questo volume illustra e interpreta nella sua interezza la figura cardine del rapporto tra arte e storia dell&#8217;uomo, all&#8217;insegna della vigorosa ricerca di verit\u00e0 e meraviglia. L&#8217;aggiornata sintesi che fa chiarezza sulla vita di Leonardo con meticolosa attenzione alle pi\u00f9 recenti scoperte e alle indagini scientifiche pi\u00f9 aggiornate.<\/p>\n","protected":false},"excerpt":{"rendered":"<p>Il volume dedicato a Leonardo \u00e8 esso stesso un&#8217;opera d&#8217;arte, prestigioso e unico nella rappresentazione doviziosa del suo genio. Lo studio appassionante \u00e8 il punto di riferimento pi\u00f9 alto e completo per scoprire la vita e l&#8217;entusiasmante contributo all&#8217;umanit\u00e0 di questo sommo artista e ricercatore. Di fronte allo sterminato orizzonte del &#8220;fenomeno Leonardo&#8221; e al [&hellip;]<\/p>\n","protected":false},"featured_media":7717,"template":"","meta":{"_acf_changed":false,"rank_math_lock_modified_date":false},"product_cat":[349],"product_tag":[],"class_list":{"0":"post-15690","1":"product","2":"type-product","3":"status-publish","4":"has-post-thumbnail","6":"product_cat-scripta-maneant-en","8":"first","9":"instock","10":"shipping-taxable","11":"product-type-simple"},"acf":[],"_links":{"self":[{"href":"https:\/\/galleria20service.com\/en\/wp-json\/wp\/v2\/product\/15690"}],"collection":[{"href":"https:\/\/galleria20service.com\/en\/wp-json\/wp\/v2\/product"}],"about":[{"href":"https:\/\/galleria20service.com\/en\/wp-json\/wp\/v2\/types\/product"}],"wp:featuredmedia":[{"embeddable":true,"href":"https:\/\/galleria20service.com\/en\/wp-json\/wp\/v2\/media\/7717"}],"wp:attachment":[{"href":"https:\/\/galleria20service.com\/en\/wp-json\/wp\/v2\/media?parent=15690"}],"wp:term":[{"taxonomy":"product_cat","embeddable":true,"href":"https:\/\/galleria20service.com\/en\/wp-json\/wp\/v2\/product_cat?post=15690"},{"taxonomy":"product_tag","embeddable":true,"href":"https:\/\/galleria20service.com\/en\/wp-json\/wp\/v2\/product_tag?post=15690"}],"curies":[{"name":"wp","href":"https:\/\/api.w.org\/{rel}","templated":true}]}}