{"id":15687,"date":"2023-03-03T16:44:57","date_gmt":"2023-03-03T15:44:57","guid":{"rendered":"https:\/\/galleriaduepuntozero.com\/prodotto\/de-historia-stirpium\/"},"modified":"2023-03-03T16:44:57","modified_gmt":"2023-03-03T15:44:57","slug":"de-historia-stirpium","status":"publish","type":"product","link":"https:\/\/galleria20service.com\/en\/prodotto\/de-historia-stirpium\/","title":{"rendered":"DE HISTORIA STIRPIUM"},"content":{"rendered":"<p>Il <i>De historia stirpium<\/i>, uno dei testi di riferimento per la botanica medicinale del \u2019500. \u00e8 opera di Leonhart Fuchs, uno dei padri della botanica rinascimentale. <b><br \/>\n<\/b><br \/>\n\u00c8 un capolavoro di scienza e arte che illustra le propriet\u00e0 medicinali delle piante classiche e del Nuovo Mondo, che Aboca Edizioni presenta in riproduzione integrale a colori, corredato di un esaustivo commentario sugli aspetti tecnico-artistici del disegno e della stampa. Il De historia stirpium \u00e8 redatto in lingua latina ed \u00e8 costituito di 928 pagine che comprendono 517 splendide tavole xilografiche acquerellate. La descrizione delle 343 piante, presentate in ordine alfabetico, \u00e8 condotta con nuovi criteri scientifici, che specificano nomenclature, aspetto morfologico, provenienza, ma soprattutto le vires, le \u201cvirt\u00f9 curative\u201d, con riferimento ai testi classici di Galeno e Ippocrate. Viene privilegiato, per la prima volta, l\u2019aspetto integrale della pianta con radici, steli, foglie, fiori e frutti, al fine di consentirne una pi\u00f9 sicura identificazione. Le tavole che arricchiscono l\u2019opera segnano un importante passo in avanti nella fitografia e sono il frutto della stretta collaborazione tra gli artisti e l\u2019Autore che, per onorarli, volle accanto al proprio i loro ritratti nelle pagine di introduzione.<br \/>\nL\u2019esemplare originale, stampato a Basilea nel 1542, \u00e8 conservato presso la Bibliotheca Antiqua di Aboca Museum a Sansepolcro.<\/p>\n<p>Il facsimile ad uso professionale di Aboca Edizioni \u00e8 cos\u00ec composto:<br \/>\n\u2022 un prezioso cofanetto contenente la riproduzione facsimilare e il relativo commentario. Rivestito in tela marrone, \u00e8 rifinito con decori in oro a caldo<br \/>\n\u2022 la riproduzione facsimilare consta di 928 pagine, di cui 517 illustrate<br \/>\n\u2022 ll piatto di copertina \u00e8 rivestito in similpelle stampata in oro a caldo e impressioni a secco<br \/>\n\u2022 Il commentario \u00e8 di 64 pagine, con coperta cartonata, rivestita in Imitlin con costola in tela. Contiene i contributi di Duilio Contin e Lucia Tomasi Tongiorgi.<\/p>\n","protected":false},"excerpt":{"rendered":"<p>Il De historia stirpium, uno dei testi di riferimento per la botanica medicinale del \u2019500. \u00e8 opera di Leonhart Fuchs, uno dei padri della botanica rinascimentale. \u00c8 un capolavoro di scienza e arte che illustra le propriet\u00e0 medicinali delle piante classiche e del Nuovo Mondo, che Aboca Edizioni presenta in riproduzione integrale a colori, corredato [&hellip;]<\/p>\n","protected":false},"featured_media":7737,"template":"","meta":{"_acf_changed":false,"rank_math_lock_modified_date":false},"product_cat":[362],"product_tag":[],"class_list":{"0":"post-15687","1":"product","2":"type-product","3":"status-publish","4":"has-post-thumbnail","6":"product_cat-aboca-en","8":"first","9":"instock","10":"shipping-taxable","11":"product-type-simple"},"acf":[],"_links":{"self":[{"href":"https:\/\/galleria20service.com\/en\/wp-json\/wp\/v2\/product\/15687"}],"collection":[{"href":"https:\/\/galleria20service.com\/en\/wp-json\/wp\/v2\/product"}],"about":[{"href":"https:\/\/galleria20service.com\/en\/wp-json\/wp\/v2\/types\/product"}],"wp:featuredmedia":[{"embeddable":true,"href":"https:\/\/galleria20service.com\/en\/wp-json\/wp\/v2\/media\/7737"}],"wp:attachment":[{"href":"https:\/\/galleria20service.com\/en\/wp-json\/wp\/v2\/media?parent=15687"}],"wp:term":[{"taxonomy":"product_cat","embeddable":true,"href":"https:\/\/galleria20service.com\/en\/wp-json\/wp\/v2\/product_cat?post=15687"},{"taxonomy":"product_tag","embeddable":true,"href":"https:\/\/galleria20service.com\/en\/wp-json\/wp\/v2\/product_tag?post=15687"}],"curies":[{"name":"wp","href":"https:\/\/api.w.org\/{rel}","templated":true}]}}