{"id":15612,"date":"2023-04-05T17:37:46","date_gmt":"2023-04-05T15:37:46","guid":{"rendered":"https:\/\/galleriaduepuntozero.com\/prodotto\/grande-dizionario-enciclopedico-5\/"},"modified":"2023-04-05T17:37:46","modified_gmt":"2023-04-05T15:37:46","slug":"grande-dizionario-enciclopedico-5","status":"publish","type":"product","link":"https:\/\/galleria20service.com\/en\/prodotto\/grande-dizionario-enciclopedico-5\/","title":{"rendered":"GRANDE DIZIONARIO ENCICLOPEDICO"},"content":{"rendered":"<p>Il <i><b>Grande Dizionario Enciclopedico UTET<\/b><\/i>, spesso abbreviato con l&#8217;acronimo <i><b>GDE<\/b><\/i>, \u00e8 una delle pi\u00f9 vaste e autorevoli opere enciclopediche italiane. \u00c8 in genere ritenuta seconda solo all&#8217;<i>Enciclopedia Treccani<\/i>. Quanto all&#8217;enciclopedia Motta, pubblicata nel 1952, questa gi\u00e0 negli anni &#8217;60 era composta da 15 volumi di dizionario enciclopedico (A-Z), in seguito pi\u00f9 che raddoppiati: tenendo conto anche delle collane integrative per soggetto tematico (psicologia, letteratura, geografia e atlanti, storia dell&#8217;arte ecc.).<\/p>\n","protected":false},"excerpt":{"rendered":"<p>Il Grande Dizionario Enciclopedico UTET, spesso abbreviato con l&#8217;acronimo GDE, \u00e8 una delle pi\u00f9 vaste e autorevoli opere enciclopediche italiane. \u00c8 in genere ritenuta seconda solo all&#8217;Enciclopedia Treccani. Quanto all&#8217;enciclopedia Motta, pubblicata nel 1952, questa gi\u00e0 negli anni &#8217;60 era composta da 15 volumi di dizionario enciclopedico (A-Z), in seguito pi\u00f9 che raddoppiati: tenendo conto [&hellip;]<\/p>\n","protected":false},"featured_media":8200,"template":"","meta":{"_acf_changed":false,"rank_math_lock_modified_date":false},"product_cat":[300],"product_tag":[],"class_list":{"0":"post-15612","1":"product","2":"type-product","3":"status-publish","4":"has-post-thumbnail","6":"product_cat-utet-en","8":"first","9":"instock","10":"shipping-taxable","11":"product-type-simple"},"acf":[],"_links":{"self":[{"href":"https:\/\/galleria20service.com\/en\/wp-json\/wp\/v2\/product\/15612"}],"collection":[{"href":"https:\/\/galleria20service.com\/en\/wp-json\/wp\/v2\/product"}],"about":[{"href":"https:\/\/galleria20service.com\/en\/wp-json\/wp\/v2\/types\/product"}],"wp:featuredmedia":[{"embeddable":true,"href":"https:\/\/galleria20service.com\/en\/wp-json\/wp\/v2\/media\/8200"}],"wp:attachment":[{"href":"https:\/\/galleria20service.com\/en\/wp-json\/wp\/v2\/media?parent=15612"}],"wp:term":[{"taxonomy":"product_cat","embeddable":true,"href":"https:\/\/galleria20service.com\/en\/wp-json\/wp\/v2\/product_cat?post=15612"},{"taxonomy":"product_tag","embeddable":true,"href":"https:\/\/galleria20service.com\/en\/wp-json\/wp\/v2\/product_tag?post=15612"}],"curies":[{"name":"wp","href":"https:\/\/api.w.org\/{rel}","templated":true}]}}