{"id":15598,"date":"2023-04-05T18:07:04","date_gmt":"2023-04-05T16:07:04","guid":{"rendered":"https:\/\/galleriaduepuntozero.com\/prodotto\/mauro-reggio-amsterdam\/"},"modified":"2023-04-05T18:07:04","modified_gmt":"2023-04-05T16:07:04","slug":"mauro-reggio-amsterdam","status":"publish","type":"product","link":"https:\/\/galleria20service.com\/en\/prodotto\/mauro-reggio-amsterdam\/","title":{"rendered":"Mauro Reggio &#8211; &#8220;Amsterdam&#8221;"},"content":{"rendered":"<p>Dipinto del maestro Mauro Reggio realizzato ad olio su tela.<\/p>\n<p>Misure: 12o x 80 cm<\/p>\n<p>Il soggetto del paesaggio urbano \u00e8 gi\u00e0 presente in epoca Medievale e Moderna, ma prevalentemente in maniera idealizzata. Le scene di vita cittadina diventano temi tipici con un\u2019interpretazione pi\u00f9 verosimile a partire dal XIX secolo. Ricordiamo come subito dopo le correnti realiste dell\u2019Ottocento anche gli impressionisti diedero molta rilevanza al quotidiano, alla vita di tutti i giorni, con una certa predilezione, per\u00f2, verso la frenesia della citt\u00e0, la folla, il traffico e ambientazioni tipicamente borghesi.<\/p>\n<p>Tutta la produzione artistica di Mauro Reggio \u00e8 finalizzata all\u2019esaltazione del paesaggio urbano, soprattutto nei suoi aspetti pi\u00f9 moderni e innovativi dal punto di vista tecnologico. A supporto di questo suo intento estetico egli possiede una straordinaria tecnica pittorica che gli permette di ottenere una resa iperrealistica e perfetta degli edifici. I soggetti di Reggio appaiono, dunque, come volumi nitidi, non scalfiti in alcun modo da interferenze atmosferiche. La luce si riflette sulle loro superfici e c\u2019\u00e8, nella rappresentazione, una cura maniacale del dettaglio che rende ancora pi\u00f9 affascinanti le sue opere.<\/p>\n<p>Mauro Reggio \u00e8 nato a Roma nel 1971 e si forma presso l\u2019Accademia della sua citt\u00e0. Oggi vive e lavora a Rocca di Papa. Gi\u00e0 nella seconda met\u00e0 degli anni \u201990 il suo lavoro \u00e8 focalizzato sul paesaggio urbano. Le sue opere sono state esposte in numerose mostre sia personali che collettive non solo in Italia ma anche all\u2019estero. Ha partecipato pi\u00f9 volte alla Biennale di Venezia. Tra le altre collezioni in cui compaiono i suoi dipinti si segnalano: la collezione Macro, della Galleria d\u2019Arte Moderna e Contemporanea di Roma, la collezione Farnesina Experimenta, presso il Ministero degli Affari Esteri, la collezione della Fondazione F.P. Michetti, presso il Museo Michetti, la collezione Scuola Romana e Novecento Italiano di Elena e Claudio Cerasi, la collezione Merlatti a Melbourne e la collezione di Zhang Baoquan al Today Art Museum di Pechino.<\/p>\n","protected":false},"excerpt":{"rendered":"<p>Dipinto del maestro Mauro Reggio realizzato ad olio su tela. Misure: 12o x 80 cm Il soggetto del paesaggio urbano \u00e8 gi\u00e0 presente in epoca Medievale e Moderna, ma prevalentemente in maniera idealizzata. Le scene di vita cittadina diventano temi tipici con un\u2019interpretazione pi\u00f9 verosimile a partire dal XIX secolo. Ricordiamo come subito dopo le [&hellip;]<\/p>\n","protected":false},"featured_media":8248,"template":"","meta":{"_acf_changed":false,"rank_math_lock_modified_date":false},"product_cat":[296],"product_tag":[],"class_list":{"0":"post-15598","1":"product","2":"type-product","3":"status-publish","4":"has-post-thumbnail","6":"product_cat-senza-categoria-en","8":"first","9":"instock","10":"shipping-taxable","11":"product-type-simple"},"acf":[],"_links":{"self":[{"href":"https:\/\/galleria20service.com\/en\/wp-json\/wp\/v2\/product\/15598"}],"collection":[{"href":"https:\/\/galleria20service.com\/en\/wp-json\/wp\/v2\/product"}],"about":[{"href":"https:\/\/galleria20service.com\/en\/wp-json\/wp\/v2\/types\/product"}],"wp:featuredmedia":[{"embeddable":true,"href":"https:\/\/galleria20service.com\/en\/wp-json\/wp\/v2\/media\/8248"}],"wp:attachment":[{"href":"https:\/\/galleria20service.com\/en\/wp-json\/wp\/v2\/media?parent=15598"}],"wp:term":[{"taxonomy":"product_cat","embeddable":true,"href":"https:\/\/galleria20service.com\/en\/wp-json\/wp\/v2\/product_cat?post=15598"},{"taxonomy":"product_tag","embeddable":true,"href":"https:\/\/galleria20service.com\/en\/wp-json\/wp\/v2\/product_tag?post=15598"}],"curies":[{"name":"wp","href":"https:\/\/api.w.org\/{rel}","templated":true}]}}