{"id":15595,"date":"2023-04-13T14:08:58","date_gmt":"2023-04-13T12:08:58","guid":{"rendered":"https:\/\/galleriaduepuntozero.com\/prodotto\/la-grande-bibbia-di-pietro-cavallini\/"},"modified":"2023-04-13T14:08:58","modified_gmt":"2023-04-13T12:08:58","slug":"la-grande-bibbia-di-pietro-cavallini","status":"publish","type":"product","link":"https:\/\/galleria20service.com\/en\/prodotto\/la-grande-bibbia-di-pietro-cavallini\/","title":{"rendered":"La Grande Bibbia di Pietro Cavallini"},"content":{"rendered":"<p>Riproduzione di una delle cinque pi\u00f9 belle Bibbie mai realizzate nella storia, miniata in oro da Pietro Cavallini. Questo capolavoro della miniatura italiana, composto da 440 carte e prodotto nel Medioevo, \u00e8 impreziosito da oltre 100 miniature istoriate e figurate, 167 iniziali ornate, quasi tutte con foglia d\u2019oro, e pi\u00f9 di 270 calligrafiche. Rappresenta uno dei pi\u00f9 importanti manoscritti sulle Sacre Scritture. Per coglierne pienamente il significato e la bellezza, il lettore \u00e8 accompagnato da un commentario, di oltre 130 pagine, con saggi di Rita Angela Carbonaro, Gianluca M. Millesoli, Carlo M. Ossola, Alessandro Tomei e 58 tavole a colori fuori testo.<\/p>\n","protected":false},"excerpt":{"rendered":"<p>Riproduzione di una delle cinque pi\u00f9 belle Bibbie mai realizzate nella storia, miniata in oro da Pietro Cavallini. Questo capolavoro della miniatura italiana, composto da 440 carte e prodotto nel Medioevo, \u00e8 impreziosito da oltre 100 miniature istoriate e figurate, 167 iniziali ornate, quasi tutte con foglia d\u2019oro, e pi\u00f9 di 270 calligrafiche. Rappresenta uno [&hellip;]<\/p>\n","protected":false},"featured_media":8395,"template":"","meta":{"_acf_changed":false,"rank_math_lock_modified_date":false},"product_cat":[315],"product_tag":[],"class_list":{"0":"post-15595","1":"product","2":"type-product","3":"status-publish","4":"has-post-thumbnail","6":"product_cat-treccani-en","8":"first","9":"instock","10":"shipping-taxable","11":"product-type-simple"},"acf":[],"_links":{"self":[{"href":"https:\/\/galleria20service.com\/en\/wp-json\/wp\/v2\/product\/15595"}],"collection":[{"href":"https:\/\/galleria20service.com\/en\/wp-json\/wp\/v2\/product"}],"about":[{"href":"https:\/\/galleria20service.com\/en\/wp-json\/wp\/v2\/types\/product"}],"wp:featuredmedia":[{"embeddable":true,"href":"https:\/\/galleria20service.com\/en\/wp-json\/wp\/v2\/media\/8395"}],"wp:attachment":[{"href":"https:\/\/galleria20service.com\/en\/wp-json\/wp\/v2\/media?parent=15595"}],"wp:term":[{"taxonomy":"product_cat","embeddable":true,"href":"https:\/\/galleria20service.com\/en\/wp-json\/wp\/v2\/product_cat?post=15595"},{"taxonomy":"product_tag","embeddable":true,"href":"https:\/\/galleria20service.com\/en\/wp-json\/wp\/v2\/product_tag?post=15595"}],"curies":[{"name":"wp","href":"https:\/\/api.w.org\/{rel}","templated":true}]}}