{"id":15492,"date":"2023-05-09T17:06:45","date_gmt":"2023-05-09T15:06:45","guid":{"rendered":"https:\/\/galleriaduepuntozero.com\/prodotto\/i-canti-di-giacomo-leopardi\/"},"modified":"2023-05-09T17:06:45","modified_gmt":"2023-05-09T15:06:45","slug":"i-canti-di-giacomo-leopardi","status":"publish","type":"product","link":"https:\/\/galleria20service.com\/en\/prodotto\/i-canti-di-giacomo-leopardi\/","title":{"rendered":"I canti di Giacomo Leopardi"},"content":{"rendered":"","protected":false},"excerpt":{"rendered":"<p>Un grande classico della letteratura italiana da riscoprire attraverso le immagini di Ugo Riva. Oltre al testo originale dei trentasei Canti e dei cinque Frammenti, l\u00b4Opera comprende l\u00b4introduzione e tre interludi di commento a cura del prof. Sergio Campailla, quindici tavole a colori fuori testo e quarantuno illustrazioni in bianco e nero, nel testo, tratte da opere e disegni originali realizzati appositamente per questa edizione del Maestro Riva. La poesia rappresent\u00f2 per Leopardi il ritrovamento della sua interiorit\u00e0 pi\u00f9 vera e, per questo, il solo effettivo conforto al suo male di vivere. Una poesia, quella di Leopardi, introspettiva che non descrive, ma \u201ccanta\u201d il messaggio universale, come sfida al disinganno della vita; non racconta, ma \u00e8 espressione dei \u201cmoti del cor\u201d.<br \/>\nIl Volume Canti di Giacomo Leopardi con illustrazioni di Ugo Riva \u00e8 stato realizzato in edizione esclusiva mondiale a tiratura limitata.<br \/>\nStamperia d\u2019Arte L\u2019Incisione.<\/p>\n","protected":false},"featured_media":9214,"template":"","meta":{"_acf_changed":false,"rank_math_lock_modified_date":false},"product_cat":[304],"product_tag":[],"class_list":{"0":"post-15492","1":"product","2":"type-product","3":"status-publish","4":"has-post-thumbnail","6":"product_cat-arte-en","8":"first","9":"instock","10":"shipping-taxable","11":"product-type-simple"},"acf":[],"_links":{"self":[{"href":"https:\/\/galleria20service.com\/en\/wp-json\/wp\/v2\/product\/15492"}],"collection":[{"href":"https:\/\/galleria20service.com\/en\/wp-json\/wp\/v2\/product"}],"about":[{"href":"https:\/\/galleria20service.com\/en\/wp-json\/wp\/v2\/types\/product"}],"wp:featuredmedia":[{"embeddable":true,"href":"https:\/\/galleria20service.com\/en\/wp-json\/wp\/v2\/media\/9214"}],"wp:attachment":[{"href":"https:\/\/galleria20service.com\/en\/wp-json\/wp\/v2\/media?parent=15492"}],"wp:term":[{"taxonomy":"product_cat","embeddable":true,"href":"https:\/\/galleria20service.com\/en\/wp-json\/wp\/v2\/product_cat?post=15492"},{"taxonomy":"product_tag","embeddable":true,"href":"https:\/\/galleria20service.com\/en\/wp-json\/wp\/v2\/product_tag?post=15492"}],"curies":[{"name":"wp","href":"https:\/\/api.w.org\/{rel}","templated":true}]}}